{"id":83,"date":"2010-06-16T13:15:05","date_gmt":"2010-06-16T18:15:05","guid":{"rendered":"https:\/\/tecnicashablarenpublico.com\/blog\/un-regalo\/"},"modified":"2010-08-25T12:03:57","modified_gmt":"2010-08-25T17:03:57","slug":"un-regalo","status":"publish","type":"page","link":"https:\/\/tecnicashablarenpublico.com\/blog\/un-regalo\/","title":{"rendered":"&nbsp;&nbsp;Regalo&nbsp;&nbsp;"},"content":{"rendered":"<tr height=\"15px\">&nbsp;<\/tr>\n<p><strong><span style=\"color: #cc0000;\">\u00bfTe Gustar\u00eda Recibir las Mejores T\u00e9cnicas Para Hablar En P\u00fablico en tu Correo Electr\u00f3nico?<\/span><\/strong><\/p>\n<p><span style=\"text-decoration: underline;\">Entra a la siguiente p\u00e1gina<\/span> y deja tus datos para recibir este valioso <strong>curso y un regalo muy especial<\/strong>:<\/p>\n<p><a href=\"https:\/\/www.tecnicashablarenpublico.com\" target=\"_blank\">Inscr\u00edbete y Descarga tu Regalo Aqu\u00ed<\/a><\/p>\n<p><strong>El curso es GRATIS<\/strong> y recibir\u00e1s todas las T\u00e9cnicas en en tu correo electr\u00f3nico durante los pr\u00f3ximos d\u00edas.<\/p>\n<p>Adem\u00e1s, podr\u00e1s descargar el Audio: <strong>\u00ab7 Sencillas T\u00e9cnicas para Dominar los Nervios al Hablar en P\u00fablico\u00bb<\/strong><\/p>\n<p><a href=\"https:\/\/www.tecnicashablarenpublico.com\" target=\"_blank\">Inscr\u00edbete Aqu\u00ed<\/a><\/p>\n","protected":false},"excerpt":{"rendered":"<p>&nbsp; \u00bfTe Gustar\u00eda Recibir las Mejores T\u00e9cnicas Para Hablar En P\u00fablico en tu Correo Electr\u00f3nico? Entra a la siguiente p\u00e1gina y deja tus datos para recibir este valioso curso y un regalo muy especial: Inscr\u00edbete y Descarga tu Regalo Aqu\u00ed El curso es GRATIS y recibir\u00e1s todas las T\u00e9cnicas en en tu correo electr\u00f3nico durante [&hellip;]<\/p>\n","protected":false},"author":1,"featured_media":0,"parent":0,"menu_order":2,"comment_status":"open","ping_status":"open","template":"","meta":{"jetpack_post_was_ever_published":false,"footnotes":""},"class_list":["post-83","page","type-page","status-publish","hentry","post-wrapper","thrv_wrapper"],"yoast_head":"<!-- This site is optimized with the Yoast SEO plugin v27.3 - https:\/\/yoast.com\/product\/yoast-seo-wordpress\/ -->\n<title>&nbsp;&nbsp;Regalo&nbsp;&nbsp; - TecnicasHablarEnPublico.Com<\/title>\n<meta name=\"robots\" content=\"index, follow, max-snippet:-1, max-image-preview:large, max-video-preview:-1\" \/>\n<link rel=\"canonical\" href=\"https:\/\/tecnicashablarenpublico.com\/blog\/un-regalo\/\" \/>\n<meta property=\"og:locale\" content=\"es_ES\" \/>\n<meta property=\"og:type\" content=\"article\" \/>\n<meta property=\"og:title\" content=\"&nbsp;&nbsp;Regalo&nbsp;&nbsp; - TecnicasHablarEnPublico.Com\" \/>\n<meta property=\"og:description\" content=\"&nbsp; \u00bfTe Gustar\u00eda Recibir las Mejores T\u00e9cnicas Para Hablar En P\u00fablico en tu Correo Electr\u00f3nico? Entra a la siguiente p\u00e1gina y deja tus datos para recibir este valioso curso y un regalo muy especial: Inscr\u00edbete y Descarga tu Regalo Aqu\u00ed El curso es GRATIS y recibir\u00e1s todas las T\u00e9cnicas en en tu correo electr\u00f3nico durante [&hellip;]\" \/>\n<meta property=\"og:url\" content=\"https:\/\/tecnicashablarenpublico.com\/blog\/un-regalo\/\" \/>\n<meta property=\"og:site_name\" content=\"TecnicasHablarEnPublico.Com\" \/>\n<meta property=\"article:publisher\" content=\"https:\/\/www.facebook.com\/VictorToscanoOficial\/\" \/>\n<meta property=\"article:modified_time\" content=\"2010-08-25T17:03:57+00:00\" \/>\n<meta name=\"twitter:card\" content=\"summary_large_image\" \/>\n<script type=\"application\/ld+json\" class=\"yoast-schema-graph\">{\"@context\":\"https:\\\/\\\/schema.org\",\"@graph\":[{\"@type\":\"WebPage\",\"@id\":\"https:\\\/\\\/tecnicashablarenpublico.com\\\/blog\\\/un-regalo\\\/\",\"url\":\"https:\\\/\\\/tecnicashablarenpublico.com\\\/blog\\\/un-regalo\\\/\",\"name\":\"&nbsp;&nbsp;Regalo&nbsp;&nbsp; - TecnicasHablarEnPublico.Com\",\"isPartOf\":{\"@id\":\"https:\\\/\\\/tecnicashablarenpublico.com\\\/blog\\\/#website\"},\"datePublished\":\"2010-06-16T18:15:05+00:00\",\"dateModified\":\"2010-08-25T17:03:57+00:00\",\"breadcrumb\":{\"@id\":\"https:\\\/\\\/tecnicashablarenpublico.com\\\/blog\\\/un-regalo\\\/#breadcrumb\"},\"inLanguage\":\"es\",\"potentialAction\":[{\"@type\":\"ReadAction\",\"target\":[\"https:\\\/\\\/tecnicashablarenpublico.com\\\/blog\\\/un-regalo\\\/\"]}]},{\"@type\":\"BreadcrumbList\",\"@id\":\"https:\\\/\\\/tecnicashablarenpublico.com\\\/blog\\\/un-regalo\\\/#breadcrumb\",\"itemListElement\":[{\"@type\":\"ListItem\",\"position\":1,\"name\":\"Portada\",\"item\":\"https:\\\/\\\/tecnicashablarenpublico.com\\\/blog\\\/\"},{\"@type\":\"ListItem\",\"position\":2,\"name\":\"&nbsp;&nbsp;Regalo&nbsp;&nbsp;\"}]},{\"@type\":\"WebSite\",\"@id\":\"https:\\\/\\\/tecnicashablarenpublico.com\\\/blog\\\/#website\",\"url\":\"https:\\\/\\\/tecnicashablarenpublico.com\\\/blog\\\/\",\"name\":\"TecnicasHablarEnPublico.Com\",\"description\":\"Blog\",\"publisher\":{\"@id\":\"https:\\\/\\\/tecnicashablarenpublico.com\\\/blog\\\/#organization\"},\"potentialAction\":[{\"@type\":\"SearchAction\",\"target\":{\"@type\":\"EntryPoint\",\"urlTemplate\":\"https:\\\/\\\/tecnicashablarenpublico.com\\\/blog\\\/?s={search_term_string}\"},\"query-input\":{\"@type\":\"PropertyValueSpecification\",\"valueRequired\":true,\"valueName\":\"search_term_string\"}}],\"inLanguage\":\"es\"},{\"@type\":\"Organization\",\"@id\":\"https:\\\/\\\/tecnicashablarenpublico.com\\\/blog\\\/#organization\",\"name\":\"TecnicasHablarEnPublico\",\"url\":\"https:\\\/\\\/tecnicashablarenpublico.com\\\/blog\\\/\",\"logo\":{\"@type\":\"ImageObject\",\"inLanguage\":\"es\",\"@id\":\"https:\\\/\\\/tecnicashablarenpublico.com\\\/blog\\\/#\\\/schema\\\/logo\\\/image\\\/\",\"url\":\"https:\\\/\\\/i0.wp.com\\\/tecnicashablarenpublico.com\\\/blog\\\/wp-content\\\/uploads\\\/2014\\\/11\\\/logo_cuadrado.png?fit=286%2C255&ssl=1\",\"contentUrl\":\"https:\\\/\\\/i0.wp.com\\\/tecnicashablarenpublico.com\\\/blog\\\/wp-content\\\/uploads\\\/2014\\\/11\\\/logo_cuadrado.png?fit=286%2C255&ssl=1\",\"width\":286,\"height\":255,\"caption\":\"TecnicasHablarEnPublico\"},\"image\":{\"@id\":\"https:\\\/\\\/tecnicashablarenpublico.com\\\/blog\\\/#\\\/schema\\\/logo\\\/image\\\/\"},\"sameAs\":[\"https:\\\/\\\/www.facebook.com\\\/VictorToscanoOficial\\\/\"]}]}<\/script>\n<!-- \/ Yoast SEO plugin. -->","yoast_head_json":{"title":"&nbsp;&nbsp;Regalo&nbsp;&nbsp; - TecnicasHablarEnPublico.Com","robots":{"index":"index","follow":"follow","max-snippet":"max-snippet:-1","max-image-preview":"max-image-preview:large","max-video-preview":"max-video-preview:-1"},"canonical":"https:\/\/tecnicashablarenpublico.com\/blog\/un-regalo\/","og_locale":"es_ES","og_type":"article","og_title":"&nbsp;&nbsp;Regalo&nbsp;&nbsp; - TecnicasHablarEnPublico.Com","og_description":"&nbsp; \u00bfTe Gustar\u00eda Recibir las Mejores T\u00e9cnicas Para Hablar En P\u00fablico en tu Correo Electr\u00f3nico? Entra a la siguiente p\u00e1gina y deja tus datos para recibir este valioso curso y un regalo muy especial: Inscr\u00edbete y Descarga tu Regalo Aqu\u00ed El curso es GRATIS y recibir\u00e1s todas las T\u00e9cnicas en en tu correo electr\u00f3nico durante [&hellip;]","og_url":"https:\/\/tecnicashablarenpublico.com\/blog\/un-regalo\/","og_site_name":"TecnicasHablarEnPublico.Com","article_publisher":"https:\/\/www.facebook.com\/VictorToscanoOficial\/","article_modified_time":"2010-08-25T17:03:57+00:00","twitter_card":"summary_large_image","schema":{"@context":"https:\/\/schema.org","@graph":[{"@type":"WebPage","@id":"https:\/\/tecnicashablarenpublico.com\/blog\/un-regalo\/","url":"https:\/\/tecnicashablarenpublico.com\/blog\/un-regalo\/","name":"&nbsp;&nbsp;Regalo&nbsp;&nbsp; - TecnicasHablarEnPublico.Com","isPartOf":{"@id":"https:\/\/tecnicashablarenpublico.com\/blog\/#website"},"datePublished":"2010-06-16T18:15:05+00:00","dateModified":"2010-08-25T17:03:57+00:00","breadcrumb":{"@id":"https:\/\/tecnicashablarenpublico.com\/blog\/un-regalo\/#breadcrumb"},"inLanguage":"es","potentialAction":[{"@type":"ReadAction","target":["https:\/\/tecnicashablarenpublico.com\/blog\/un-regalo\/"]}]},{"@type":"BreadcrumbList","@id":"https:\/\/tecnicashablarenpublico.com\/blog\/un-regalo\/#breadcrumb","itemListElement":[{"@type":"ListItem","position":1,"name":"Portada","item":"https:\/\/tecnicashablarenpublico.com\/blog\/"},{"@type":"ListItem","position":2,"name":"&nbsp;&nbsp;Regalo&nbsp;&nbsp;"}]},{"@type":"WebSite","@id":"https:\/\/tecnicashablarenpublico.com\/blog\/#website","url":"https:\/\/tecnicashablarenpublico.com\/blog\/","name":"TecnicasHablarEnPublico.Com","description":"Blog","publisher":{"@id":"https:\/\/tecnicashablarenpublico.com\/blog\/#organization"},"potentialAction":[{"@type":"SearchAction","target":{"@type":"EntryPoint","urlTemplate":"https:\/\/tecnicashablarenpublico.com\/blog\/?s={search_term_string}"},"query-input":{"@type":"PropertyValueSpecification","valueRequired":true,"valueName":"search_term_string"}}],"inLanguage":"es"},{"@type":"Organization","@id":"https:\/\/tecnicashablarenpublico.com\/blog\/#organization","name":"TecnicasHablarEnPublico","url":"https:\/\/tecnicashablarenpublico.com\/blog\/","logo":{"@type":"ImageObject","inLanguage":"es","@id":"https:\/\/tecnicashablarenpublico.com\/blog\/#\/schema\/logo\/image\/","url":"https:\/\/i0.wp.com\/tecnicashablarenpublico.com\/blog\/wp-content\/uploads\/2014\/11\/logo_cuadrado.png?fit=286%2C255&ssl=1","contentUrl":"https:\/\/i0.wp.com\/tecnicashablarenpublico.com\/blog\/wp-content\/uploads\/2014\/11\/logo_cuadrado.png?fit=286%2C255&ssl=1","width":286,"height":255,"caption":"TecnicasHablarEnPublico"},"image":{"@id":"https:\/\/tecnicashablarenpublico.com\/blog\/#\/schema\/logo\/image\/"},"sameAs":["https:\/\/www.facebook.com\/VictorToscanoOficial\/"]}]}},"jetpack_shortlink":"https:\/\/wp.me\/P338RC-1l","jetpack-related-posts":[{"id":2164,"url":"https:\/\/tecnicashablarenpublico.com\/blog\/video-extra-como-mover-tus-manos-al-hablar-en-publico\/","url_meta":{"origin":83,"position":0},"title":"Video EXTRA: C\u00f3mo Mover Tus Manos al Hablar en P\u00fablico","author":"Victor Toscano T V","date":"05\/03\/2015","format":false,"excerpt":"[headline_arial_small_centered color=\"#aa0000\"]Mira a continuaci\u00f3n el\u00a0Video Extra que contiene las 10 t\u00e9cnicas faltantes...[\/headline_arial_small_centered] [headline_arial_small_centered color=\"#aa0000\"]Descarga\u00a0a continuaci\u00f3n la Gu\u00eda en PDF...[\/headline_arial_small_centered] Haz click derecho aqu\u00ed >> guadrar como, para descargar el PDF... \u00a0 \u00a0 \u00bfQuieres avanzar al siguiente nivel en tu manera de comunicarte? Si adem\u00e1s de recibir estos videos, quieres unirte\u2026","rel":"","context":"Entrada similar","block_context":{"text":"Entrada similar","link":""},"img":{"alt_text":"13 T\u00e9cnicas - Como mover tus manos al hablar en p\u00fablico.","src":"https:\/\/i0.wp.com\/tecnicashablarenpublico.com\/blog\/wp-content\/uploads\/2015\/03\/hep-portada-guia-podcast-99-como-mover-tus-manos.png?resize=350%2C200&ssl=1","width":350,"height":200},"classes":[]},{"id":914,"url":"https:\/\/tecnicashablarenpublico.com\/blog\/la-clave\/","url_meta":{"origin":83,"position":1},"title":"La CLAVE para Aprender a Hablar en P\u00fablico (VIDEO CORTO)","author":"Victor Toscano T V","date":"01\/02\/2013","format":false,"excerpt":"[headline_arial_medium_centered color=\"#aa0000\"]La CLAVE para Aprender a Hablar en P\u00fablico[\/headline_arial_medium_centered] Muy bien, aqu\u00ed tienes el VIDEO del que te habl\u00e9, presta s\u00f3lo 7 minutos de tu atenci\u00f3n y m\u00edralo: [headline_arial_medium_centered color=\"#aa0000\"]D\u00e9jame Mostrarte C\u00f3mo T\u00da Puedes Aprender A Hablar En P\u00fablico Como Un Profesional Y Vencer Tu P\u00e1nico Esc\u00e9nico En S\u00f3lo 4\u2026","rel":"","context":"Entrada similar","block_context":{"text":"Entrada similar","link":""},"img":{"alt_text":"Victor Toscano - Tecnicas para hablar en publico","src":"https:\/\/i0.wp.com\/tecnicashablarenpublico.com\/imagenes\/n\/victor_toscano.png?resize=350%2C200&ssl=1","width":350,"height":200},"classes":[]},{"id":76,"url":"https:\/\/tecnicashablarenpublico.com\/blog\/productos\/","url_meta":{"origin":83,"position":2},"title":"Inscr\u00edbete a mi Curso:","author":"Victor Toscano T V","date":"16\/06\/2010","format":false,"excerpt":"[headline_arial_small_left color=\"#cc0000\"]CURSO-ENTRENAMIENTO: \"C\u00f3mo Convertirte En Un Experto Para Hablar En P\u00fablico[\/headline_arial_small_left] Este es un\u00a0Curso-Entrenamiento en Audio, Video y Texto\u00a0totalmente EN LINEA (virtual), que est\u00e1 dise\u00f1ado espec\u00edficamente para personas que tienen\u00a0miedo a hablar en p\u00fablico\u00a0y quieren aprender a expresarse mejor... Pero tambi\u00e9n es de gran utilidad para aquellos que ya tienen\u2026","rel":"","context":"En \u00abT\u00e9cnicas Para Hablar En P\u00fablico\u00bb","block_context":{"text":"T\u00e9cnicas Para Hablar En P\u00fablico","link":"https:\/\/tecnicashablarenpublico.com\/blog\/category\/tecnicas-para-hablar-en-publico\/"},"img":{"alt_text":"","src":"","width":0,"height":0},"classes":[]},{"id":28,"url":"https:\/\/tecnicashablarenpublico.com\/blog\/contactame\/","url_meta":{"origin":83,"position":3},"title":"Cont\u00e1ctame","author":"Victor Toscano T V","date":"15\/06\/2010","format":false,"excerpt":"\u00a1Hola! Soy V\u00edctor Toscano, creador de esta p\u00e1gina. Mi misi\u00f3n es\u00a0ayudar\u00a0a las personas que est\u00e1n sufriendo lo que yo viv\u00ed:\u00a0\"El Miedo a Hablar en P\u00fablico.\" Yo era muy\u00a0t\u00edmido e introvertido, y sin embargo estaba lleno de sue\u00f1os. Pero para poder alcanzar esos sue\u00f1os, era necesario aprender a comunicarme y relacionarme\u2026","rel":"","context":"En \u00abT\u00e9cnicas Para Hablar En P\u00fablico\u00bb","block_context":{"text":"T\u00e9cnicas Para Hablar En P\u00fablico","link":"https:\/\/tecnicashablarenpublico.com\/blog\/category\/tecnicas-para-hablar-en-publico\/"},"img":{"alt_text":"Victor Toscano","src":"https:\/\/i0.wp.com\/tecnicashablarenpublico.com\/blog\/wp-content\/uploads\/2010\/06\/FOTO_PERFIL-300x300.png?resize=350%2C200&ssl=1","width":350,"height":200},"classes":[]},{"id":2157,"url":"https:\/\/tecnicashablarenpublico.com\/blog\/guia-practica-pdf-13-tecnicas-de-como-mover-tus-manos-al-hablar-en-publico\/","url_meta":{"origin":83,"position":4},"title":"Gu\u00eda Pr\u00e1ctica PDF: 13 T\u00e9cnicas de C\u00f3mo Mover Tus Manos al Hablar en P\u00fablico","author":"Victor Toscano T V","date":"05\/03\/2015","format":false,"excerpt":"\u00bfPor qu\u00e9 prestar atenci\u00f3n a los movimientos que haces con tus manos? La manera en que mueves tus manos, sea consciente o inconscientemente puede enfatizar tu mensaje de manera positiva o de manera negativa. Los movimientos de tus manos son una parte importante de tu lenguaje no verbal, y por\u2026","rel":"","context":"Entrada similar","block_context":{"text":"Entrada similar","link":""},"img":{"alt_text":"","src":"https:\/\/i0.wp.com\/optimizacionpaginasmedia.s3.amazonaws.com\/2023\/06\/mmb8YmZw-como-mover-tus-manos-al-hablar-en-publico.png?fit=460%2C328&ssl=1&resize=350%2C200","width":350,"height":200},"classes":[]},{"id":2148,"url":"https:\/\/tecnicashablarenpublico.com\/blog\/guia-practica-pdf-como-memorizar-tu-discurso-de-oratoria-presentacion-en-publico\/","url_meta":{"origin":83,"position":5},"title":"Gu\u00eda Pr\u00e1ctica PDF: C\u00f3mo Memorizar Tu Discurso de Oratoria | Presentaci\u00f3n en P\u00fablico","author":"Victor Toscano T V","date":"12\/02\/2015","format":false,"excerpt":"[headline_arial_small_centered color=\"#aa0000\"]M\u00e9todo Loci para Memorizar\u00a0Tu Presentaci\u00f3n\u00a0al\u00a0Hablar en P\u00fablico o tu Discurso de Oratoria...[\/headline_arial_small_centered] [headline_arial_small_centered color=\"#000000\"]Haz click aqu\u00ed para Descargar esta Gu\u00eda...[\/headline_arial_small_centered] Este documento complementa lo explicado en el video de youtube llamado: \u201cCurso de Oratoria \u2013 Pr\u00e1ctica 2 \u2013 C\u00f3mo Estructurar y Preparar una Presentaci\u00f3n.\u201d En esta gu\u00eda\u00a0encontrar\u00e1s un ejemplo\u2026","rel":"","context":"Entrada similar","block_context":{"text":"Entrada similar","link":""},"img":{"alt_text":"hablar-en-publico-guia-pdf-como-memorizar-tu-discurso-presentacion-de-oratoria","src":"https:\/\/i0.wp.com\/tecnicashablarenpublico.com\/blog\/wp-content\/uploads\/2015\/02\/hablar-en-publico-guia-pdf-como-memorizar-tu-discurso-presentacion-de-oratoria.png?resize=350%2C200&ssl=1","width":350,"height":200},"classes":[]}],"jetpack_sharing_enabled":true,"_links":{"self":[{"href":"https:\/\/tecnicashablarenpublico.com\/blog\/wp-json\/wp\/v2\/pages\/83","targetHints":{"allow":["GET"]}}],"collection":[{"href":"https:\/\/tecnicashablarenpublico.com\/blog\/wp-json\/wp\/v2\/pages"}],"about":[{"href":"https:\/\/tecnicashablarenpublico.com\/blog\/wp-json\/wp\/v2\/types\/page"}],"author":[{"embeddable":true,"href":"https:\/\/tecnicashablarenpublico.com\/blog\/wp-json\/wp\/v2\/users\/1"}],"replies":[{"embeddable":true,"href":"https:\/\/tecnicashablarenpublico.com\/blog\/wp-json\/wp\/v2\/comments?post=83"}],"version-history":[{"count":0,"href":"https:\/\/tecnicashablarenpublico.com\/blog\/wp-json\/wp\/v2\/pages\/83\/revisions"}],"wp:attachment":[{"href":"https:\/\/tecnicashablarenpublico.com\/blog\/wp-json\/wp\/v2\/media?parent=83"}],"curies":[{"name":"wp","href":"https:\/\/api.w.org\/{rel}","templated":true}]}}