{"id":76,"date":"2010-06-16T13:12:23","date_gmt":"2010-06-16T18:12:23","guid":{"rendered":"https:\/\/tecnicashablarenpublico.com\/blog\/?page_id=76"},"modified":"2016-01-14T16:43:16","modified_gmt":"2016-01-14T22:43:16","slug":"productos","status":"publish","type":"page","link":"https:\/\/tecnicashablarenpublico.com\/blog\/productos\/","title":{"rendered":"Inscr\u00edbete a mi Curso:"},"content":{"rendered":"<p>[headline_arial_small_left color=\u00bb#cc0000&#8243;]CURSO-ENTRENAMIENTO: \u00abC\u00f3mo Convertirte En Un Experto Para Hablar En P\u00fablico[\/headline_arial_small_left]<\/p>\n<p><a href=\"https:\/\/tecnicashablarenpublico.com\/detalles\/\"><img decoding=\"async\" class=\"alignleft lazyload\" title=\"Como convertirte en un experto para hablar en publico\" src=\"data:image\/gif;base64,R0lGODlhAQABAIAAAAAAAP\/\/\/yH5BAEAAAAALAAAAAABAAEAAAIBRAA7\" data-src=\"https:\/\/tecnicashablarenpublico.com\/imagenes\/n\/port_caja_gg.png\" alt=\"Como convertirte en un experto para hablar en publico\" width=\"350\" height=\"auto\" \/><noscript><img data-recalc-dims=\"1\" decoding=\"async\" class=\"alignleft lazyload\" title=\"Como convertirte en un experto para hablar en publico\" src=\"https:\/\/i0.wp.com\/tecnicashablarenpublico.com\/imagenes\/n\/port_caja_gg.png?w=350&#038;ssl=1\" alt=\"Como convertirte en un experto para hablar en publico\"   \/><\/noscript><\/a><\/p>\n<p>Este es un\u00a0<strong>Curso-Entrenamiento en Audio, Video y Texto<\/strong>\u00a0totalmente EN LINEA (virtual), que est\u00e1 dise\u00f1ado espec\u00edficamente para personas que tienen\u00a0<strong>miedo a hablar en p\u00fablico<\/strong>\u00a0y quieren aprender a expresarse mejor&#8230;<\/p>\n<p>Pero tambi\u00e9n es de gran utilidad para aquellos que ya tienen experiencia con presentaciones en p\u00fablico y s\u00f3lo desean\u00a0<em><strong>Mejorar su capacidad<\/strong><\/em>\u00a0para poder\u00a0<strong>INFLUIR<\/strong>\u00a0mejor en las dem\u00e1s personas.<\/p>\n<p>Si te decides a registrarte a este Curso-Entrenamiento\u00a0<strong>Hoy Mismo<\/strong>, te voy a mostrar c\u00f3mo\u00a0<strong><em>t\u00fa puedes<\/em><\/strong>:<\/p>\n<p>[red_tick_list width=\u00bb100%\u00bb]<\/p>\n<ul>\n<li><strong>Superar Tu Miedo a Hablar<\/strong>\u00a0Frente a Cualquier P\u00fablico.<\/li>\n<li>Lograr\u00a0<strong><em>Mantener el Inter\u00e9s<\/em><\/strong>\u00a0de las Personas en lo que T\u00da Dices.<\/li>\n<li><strong>Dominar tu Voz<\/strong>\u00a0y\u00a0<strong>Tu Lenguaje Corporal<\/strong>\u00a0para Expresarte Mejor.<\/li>\n<li>Utilizar el\u00a0<strong>Poder de la Palabra<\/strong>\u00a0a Tu Favor para Lograr Tus Prop\u00f3sitos.<\/li>\n<li>Aprender a Preparar, Practicar y Presentar\u00a0<em><strong>Discursos Espectaculares<\/strong><\/em>.<\/li>\n<li><strong>Vencer tu Timidez<\/strong>\u00a0y Hablar Totalmente Seguro de Ti Mismo.<\/li>\n<li>Desarrollar Tu\u00a0Simpat\u00eda y Socializaci\u00f3n, Comunic\u00e1ndote Mejor.<\/li>\n<li>Descubrir C\u00f3mo Dominar tus Nervios y\u00a0<em><strong>Expresarte con Confianza<\/strong><\/em>.<\/li>\n<li>Ser Capaz de\u00a0<strong>Persuadir y Convencer<\/strong>\u00a0a Tu Audiencia.<\/li>\n<li><strong>Impresionar y Seducir a Tu P\u00fablico<\/strong>\u00a0Como lo Hacen los Expertos.<\/li>\n<\/ul>\n<p>[\/red_tick_list]<\/p>\n<p><strong>&#8230;\u00a1Y Muchos Beneficios M\u00e1s!<\/strong><\/p>\n<p>Mi objetivo es que\u00a0<strong>T\u00da logres Hablar frente a Cualquier P\u00fablico<\/strong>, lleno de seguridad y confianza, y que logres Influir en las personas con tus palabras.<\/p>\n<p>Si t\u00fa tambi\u00e9n tienes el objetivo de aprender,\u00a0<em><strong>esto es para ti&#8230;<\/strong><\/em><\/p>\n<p>[headline_arial_small_centered color=\u00bb#000000&#8243;]Quiero que Seas mi Alumno&#8230;[\/headline_arial_small_centered]<\/p>\n<p>Me encantar\u00eda que fueras mi alumno en este curso. Por eso, si este curso es para ti,\u00a0te invito a\u00a0<strong>Hagas Click<\/strong>\u00a0en el Bot\u00f3n:\u00a0<strong><em>\u00abA\u00f1adir a la Cesta\u00bb<\/em><\/strong>, llenes tus datos en la p\u00e1gina siguiente y te registres a mi\u00a0curso-entrenamiento.<\/p>\n<p>Realmente quiero ayudarte a que te conviertas en un\u00a0<strong>Experto para Hablar en P\u00fablico<\/strong>, porque quiz\u00e1 en un futuro seas un conferencista, y tus palabras ayuden a\u00a0<strong><em>mejorar la vida de muchas personas<\/em><\/strong>.<\/p>\n<p>As\u00ed que te invito a dar un paso m\u00e1s por tu\u00a0<strong>felicidad<\/strong>, por tu\u00a0<strong>superaci\u00f3n personal<\/strong>, por tu\u00a0<strong>\u00e9xito profesional<\/strong>\u00a0y por tu\u00a0<strong>prop\u00f3sito<\/strong>\u00a0en esta vida&#8230;<\/p>\n<p>Ahora Haz Click en el bot\u00f3n de abajo, llena el formulario con tus datos en la p\u00e1gina siguiente, y comienza a\u00a0<strong>MEJORAR tu Vida desde HOY<\/strong>. \u00a1Gr\u00e1cias!<\/p>\n<div><img decoding=\"async\" class=\"lazyload\" src=\"data:image\/gif;base64,R0lGODlhAQABAIAAAAAAAP\/\/\/yH5BAEAAAAALAAAAAABAAEAAAIBRAA7\" data-src=\"https:\/\/tecnicashablarenpublico.com\/imagenes\/own_firma.jpg\" alt=\"\" \/><noscript><img data-recalc-dims=\"1\" decoding=\"async\" class=\"lazyload\" src=\"https:\/\/i0.wp.com\/tecnicashablarenpublico.com\/imagenes\/own_firma.jpg?ssl=1\" alt=\"\" \/><\/noscript><\/div>\n<div>victor@tecnicashablarenpublico.com<\/div>\n<div>TecnicasHablarEnPublico.com<\/div>\n<div><\/div>\n<div>[divider_line_dashed]Insert Your Text Here[\/divider_line_dashed]<\/div>\n<div><\/div>\n<div>[headline_arial_small_centered color=\u00bb#000000&#8243;]<a title=\"Ver m\u00e1s detalles...\" href=\"https:\/\/tecnicashablarenpublico.com\/detalles\/\" target=\"_blank\">Haz Click Para M\u00e1s Detalles:<\/a>[\/headline_arial_small_centered]<\/div>\n<div><\/div>\n<div>[high_impact_btn_register_now link=\u00bbhttps:\/\/tecnicashablarenpublico.com\/detalles\/\u00bb + target=\u00bb_blank\u00bb] [\/high_impact_btn_register_now]<\/div>\n<div><\/div>\n<div><\/div>\n","protected":false},"excerpt":{"rendered":"<p>[headline_arial_small_left color=\u00bb#cc0000&#8243;]CURSO-ENTRENAMIENTO: \u00abC\u00f3mo Convertirte En Un Experto Para Hablar En P\u00fablico[\/headline_arial_small_left] Este es un\u00a0Curso-Entrenamiento en Audio, Video y Texto\u00a0totalmente EN LINEA (virtual), que est\u00e1 dise\u00f1ado espec\u00edficamente para personas que tienen\u00a0miedo a hablar en p\u00fablico\u00a0y quieren aprender a expresarse mejor&#8230; Pero tambi\u00e9n es de gran utilidad para aquellos que ya tienen experiencia con presentaciones en p\u00fablico [&hellip;]<\/p>\n","protected":false},"author":1,"featured_media":0,"parent":0,"menu_order":2,"comment_status":"closed","ping_status":"open","template":"blogpage_001.php","meta":{"jetpack_post_was_ever_published":false,"footnotes":""},"class_list":["post-76","page","type-page","status-publish","hentry","post-wrapper","thrv_wrapper"],"yoast_head":"<!-- This site is optimized with the Yoast SEO plugin v27.5 - https:\/\/yoast.com\/product\/yoast-seo-wordpress\/ -->\n<title>Inscr\u00edbete a mi Curso: - TecnicasHablarEnPublico.Com<\/title>\n<meta name=\"robots\" content=\"index, follow, max-snippet:-1, max-image-preview:large, max-video-preview:-1\" \/>\n<link rel=\"canonical\" href=\"https:\/\/tecnicashablarenpublico.com\/blog\/productos\/\" \/>\n<meta property=\"og:locale\" content=\"es_ES\" \/>\n<meta property=\"og:type\" content=\"article\" \/>\n<meta property=\"og:title\" content=\"Inscr\u00edbete a mi Curso: - TecnicasHablarEnPublico.Com\" \/>\n<meta property=\"og:description\" content=\"[headline_arial_small_left color=\u00bb#cc0000&#8243;]CURSO-ENTRENAMIENTO: \u00abC\u00f3mo Convertirte En Un Experto Para Hablar En P\u00fablico[\/headline_arial_small_left] Este es un\u00a0Curso-Entrenamiento en Audio, Video y Texto\u00a0totalmente EN LINEA (virtual), que est\u00e1 dise\u00f1ado espec\u00edficamente para personas que tienen\u00a0miedo a hablar en p\u00fablico\u00a0y quieren aprender a expresarse mejor&#8230; Pero tambi\u00e9n es de gran utilidad para aquellos que ya tienen experiencia con presentaciones en p\u00fablico [&hellip;]\" \/>\n<meta property=\"og:url\" content=\"https:\/\/tecnicashablarenpublico.com\/blog\/productos\/\" \/>\n<meta property=\"og:site_name\" content=\"TecnicasHablarEnPublico.Com\" \/>\n<meta property=\"article:publisher\" content=\"https:\/\/www.facebook.com\/VictorToscanoOficial\/\" \/>\n<meta property=\"article:modified_time\" content=\"2016-01-14T22:43:16+00:00\" \/>\n<meta property=\"og:image\" content=\"https:\/\/tecnicashablarenpublico.com\/imagenes\/n\/port_caja_gg.png\" \/>\n<meta name=\"twitter:card\" content=\"summary_large_image\" \/>\n<meta name=\"twitter:label1\" content=\"Tiempo de lectura\" \/>\n\t<meta name=\"twitter:data1\" content=\"2 minutos\" \/>\n<script type=\"application\/ld+json\" class=\"yoast-schema-graph\">{\"@context\":\"https:\\\/\\\/schema.org\",\"@graph\":[{\"@type\":\"WebPage\",\"@id\":\"https:\\\/\\\/tecnicashablarenpublico.com\\\/blog\\\/productos\\\/\",\"url\":\"https:\\\/\\\/tecnicashablarenpublico.com\\\/blog\\\/productos\\\/\",\"name\":\"Inscr\u00edbete a mi Curso: - TecnicasHablarEnPublico.Com\",\"isPartOf\":{\"@id\":\"https:\\\/\\\/tecnicashablarenpublico.com\\\/blog\\\/#website\"},\"primaryImageOfPage\":{\"@id\":\"https:\\\/\\\/tecnicashablarenpublico.com\\\/blog\\\/productos\\\/#primaryimage\"},\"image\":{\"@id\":\"https:\\\/\\\/tecnicashablarenpublico.com\\\/blog\\\/productos\\\/#primaryimage\"},\"thumbnailUrl\":\"https:\\\/\\\/tecnicashablarenpublico.com\\\/imagenes\\\/n\\\/port_caja_gg.png\",\"datePublished\":\"2010-06-16T18:12:23+00:00\",\"dateModified\":\"2016-01-14T22:43:16+00:00\",\"breadcrumb\":{\"@id\":\"https:\\\/\\\/tecnicashablarenpublico.com\\\/blog\\\/productos\\\/#breadcrumb\"},\"inLanguage\":\"es\",\"potentialAction\":[{\"@type\":\"ReadAction\",\"target\":[\"https:\\\/\\\/tecnicashablarenpublico.com\\\/blog\\\/productos\\\/\"]}]},{\"@type\":\"ImageObject\",\"inLanguage\":\"es\",\"@id\":\"https:\\\/\\\/tecnicashablarenpublico.com\\\/blog\\\/productos\\\/#primaryimage\",\"url\":\"https:\\\/\\\/tecnicashablarenpublico.com\\\/imagenes\\\/n\\\/port_caja_gg.png\",\"contentUrl\":\"https:\\\/\\\/tecnicashablarenpublico.com\\\/imagenes\\\/n\\\/port_caja_gg.png\"},{\"@type\":\"BreadcrumbList\",\"@id\":\"https:\\\/\\\/tecnicashablarenpublico.com\\\/blog\\\/productos\\\/#breadcrumb\",\"itemListElement\":[{\"@type\":\"ListItem\",\"position\":1,\"name\":\"Portada\",\"item\":\"https:\\\/\\\/tecnicashablarenpublico.com\\\/blog\\\/\"},{\"@type\":\"ListItem\",\"position\":2,\"name\":\"Inscr\u00edbete a mi Curso:\"}]},{\"@type\":\"WebSite\",\"@id\":\"https:\\\/\\\/tecnicashablarenpublico.com\\\/blog\\\/#website\",\"url\":\"https:\\\/\\\/tecnicashablarenpublico.com\\\/blog\\\/\",\"name\":\"TecnicasHablarEnPublico.Com\",\"description\":\"Blog\",\"publisher\":{\"@id\":\"https:\\\/\\\/tecnicashablarenpublico.com\\\/blog\\\/#organization\"},\"potentialAction\":[{\"@type\":\"SearchAction\",\"target\":{\"@type\":\"EntryPoint\",\"urlTemplate\":\"https:\\\/\\\/tecnicashablarenpublico.com\\\/blog\\\/?s={search_term_string}\"},\"query-input\":{\"@type\":\"PropertyValueSpecification\",\"valueRequired\":true,\"valueName\":\"search_term_string\"}}],\"inLanguage\":\"es\"},{\"@type\":\"Organization\",\"@id\":\"https:\\\/\\\/tecnicashablarenpublico.com\\\/blog\\\/#organization\",\"name\":\"TecnicasHablarEnPublico\",\"url\":\"https:\\\/\\\/tecnicashablarenpublico.com\\\/blog\\\/\",\"logo\":{\"@type\":\"ImageObject\",\"inLanguage\":\"es\",\"@id\":\"https:\\\/\\\/tecnicashablarenpublico.com\\\/blog\\\/#\\\/schema\\\/logo\\\/image\\\/\",\"url\":\"https:\\\/\\\/i0.wp.com\\\/tecnicashablarenpublico.com\\\/blog\\\/wp-content\\\/uploads\\\/2014\\\/11\\\/logo_cuadrado.png?fit=286%2C255&ssl=1\",\"contentUrl\":\"https:\\\/\\\/i0.wp.com\\\/tecnicashablarenpublico.com\\\/blog\\\/wp-content\\\/uploads\\\/2014\\\/11\\\/logo_cuadrado.png?fit=286%2C255&ssl=1\",\"width\":286,\"height\":255,\"caption\":\"TecnicasHablarEnPublico\"},\"image\":{\"@id\":\"https:\\\/\\\/tecnicashablarenpublico.com\\\/blog\\\/#\\\/schema\\\/logo\\\/image\\\/\"},\"sameAs\":[\"https:\\\/\\\/www.facebook.com\\\/VictorToscanoOficial\\\/\"]}]}<\/script>\n<!-- \/ Yoast SEO plugin. -->","yoast_head_json":{"title":"Inscr\u00edbete a mi Curso: - TecnicasHablarEnPublico.Com","robots":{"index":"index","follow":"follow","max-snippet":"max-snippet:-1","max-image-preview":"max-image-preview:large","max-video-preview":"max-video-preview:-1"},"canonical":"https:\/\/tecnicashablarenpublico.com\/blog\/productos\/","og_locale":"es_ES","og_type":"article","og_title":"Inscr\u00edbete a mi Curso: - TecnicasHablarEnPublico.Com","og_description":"[headline_arial_small_left color=\u00bb#cc0000&#8243;]CURSO-ENTRENAMIENTO: \u00abC\u00f3mo Convertirte En Un Experto Para Hablar En P\u00fablico[\/headline_arial_small_left] Este es un\u00a0Curso-Entrenamiento en Audio, Video y Texto\u00a0totalmente EN LINEA (virtual), que est\u00e1 dise\u00f1ado espec\u00edficamente para personas que tienen\u00a0miedo a hablar en p\u00fablico\u00a0y quieren aprender a expresarse mejor&#8230; Pero tambi\u00e9n es de gran utilidad para aquellos que ya tienen experiencia con presentaciones en p\u00fablico [&hellip;]","og_url":"https:\/\/tecnicashablarenpublico.com\/blog\/productos\/","og_site_name":"TecnicasHablarEnPublico.Com","article_publisher":"https:\/\/www.facebook.com\/VictorToscanoOficial\/","article_modified_time":"2016-01-14T22:43:16+00:00","og_image":[{"url":"https:\/\/tecnicashablarenpublico.com\/imagenes\/n\/port_caja_gg.png","type":"","width":"","height":""}],"twitter_card":"summary_large_image","twitter_misc":{"Tiempo de lectura":"2 minutos"},"schema":{"@context":"https:\/\/schema.org","@graph":[{"@type":"WebPage","@id":"https:\/\/tecnicashablarenpublico.com\/blog\/productos\/","url":"https:\/\/tecnicashablarenpublico.com\/blog\/productos\/","name":"Inscr\u00edbete a mi Curso: - TecnicasHablarEnPublico.Com","isPartOf":{"@id":"https:\/\/tecnicashablarenpublico.com\/blog\/#website"},"primaryImageOfPage":{"@id":"https:\/\/tecnicashablarenpublico.com\/blog\/productos\/#primaryimage"},"image":{"@id":"https:\/\/tecnicashablarenpublico.com\/blog\/productos\/#primaryimage"},"thumbnailUrl":"https:\/\/tecnicashablarenpublico.com\/imagenes\/n\/port_caja_gg.png","datePublished":"2010-06-16T18:12:23+00:00","dateModified":"2016-01-14T22:43:16+00:00","breadcrumb":{"@id":"https:\/\/tecnicashablarenpublico.com\/blog\/productos\/#breadcrumb"},"inLanguage":"es","potentialAction":[{"@type":"ReadAction","target":["https:\/\/tecnicashablarenpublico.com\/blog\/productos\/"]}]},{"@type":"ImageObject","inLanguage":"es","@id":"https:\/\/tecnicashablarenpublico.com\/blog\/productos\/#primaryimage","url":"https:\/\/tecnicashablarenpublico.com\/imagenes\/n\/port_caja_gg.png","contentUrl":"https:\/\/tecnicashablarenpublico.com\/imagenes\/n\/port_caja_gg.png"},{"@type":"BreadcrumbList","@id":"https:\/\/tecnicashablarenpublico.com\/blog\/productos\/#breadcrumb","itemListElement":[{"@type":"ListItem","position":1,"name":"Portada","item":"https:\/\/tecnicashablarenpublico.com\/blog\/"},{"@type":"ListItem","position":2,"name":"Inscr\u00edbete a mi Curso:"}]},{"@type":"WebSite","@id":"https:\/\/tecnicashablarenpublico.com\/blog\/#website","url":"https:\/\/tecnicashablarenpublico.com\/blog\/","name":"TecnicasHablarEnPublico.Com","description":"Blog","publisher":{"@id":"https:\/\/tecnicashablarenpublico.com\/blog\/#organization"},"potentialAction":[{"@type":"SearchAction","target":{"@type":"EntryPoint","urlTemplate":"https:\/\/tecnicashablarenpublico.com\/blog\/?s={search_term_string}"},"query-input":{"@type":"PropertyValueSpecification","valueRequired":true,"valueName":"search_term_string"}}],"inLanguage":"es"},{"@type":"Organization","@id":"https:\/\/tecnicashablarenpublico.com\/blog\/#organization","name":"TecnicasHablarEnPublico","url":"https:\/\/tecnicashablarenpublico.com\/blog\/","logo":{"@type":"ImageObject","inLanguage":"es","@id":"https:\/\/tecnicashablarenpublico.com\/blog\/#\/schema\/logo\/image\/","url":"https:\/\/i0.wp.com\/tecnicashablarenpublico.com\/blog\/wp-content\/uploads\/2014\/11\/logo_cuadrado.png?fit=286%2C255&ssl=1","contentUrl":"https:\/\/i0.wp.com\/tecnicashablarenpublico.com\/blog\/wp-content\/uploads\/2014\/11\/logo_cuadrado.png?fit=286%2C255&ssl=1","width":286,"height":255,"caption":"TecnicasHablarEnPublico"},"image":{"@id":"https:\/\/tecnicashablarenpublico.com\/blog\/#\/schema\/logo\/image\/"},"sameAs":["https:\/\/www.facebook.com\/VictorToscanoOficial\/"]}]}},"jetpack_shortlink":"https:\/\/wp.me\/P338RC-1e","jetpack-related-posts":[{"id":914,"url":"https:\/\/tecnicashablarenpublico.com\/blog\/la-clave\/","url_meta":{"origin":76,"position":0},"title":"La CLAVE para Aprender a Hablar en P\u00fablico (VIDEO CORTO)","author":"Victor Toscano T V","date":"01\/02\/2013","format":false,"excerpt":"[headline_arial_medium_centered color=\"#aa0000\"]La CLAVE para Aprender a Hablar en P\u00fablico[\/headline_arial_medium_centered] Muy bien, aqu\u00ed tienes el VIDEO del que te habl\u00e9, presta s\u00f3lo 7 minutos de tu atenci\u00f3n y m\u00edralo: [headline_arial_medium_centered color=\"#aa0000\"]D\u00e9jame Mostrarte C\u00f3mo T\u00da Puedes Aprender A Hablar En P\u00fablico Como Un Profesional Y Vencer Tu P\u00e1nico Esc\u00e9nico En S\u00f3lo 4\u2026","rel":"","context":"Entrada similar","block_context":{"text":"Entrada similar","link":""},"img":{"alt_text":"Victor Toscano - Tecnicas para hablar en publico","src":"https:\/\/i0.wp.com\/tecnicashablarenpublico.com\/imagenes\/n\/victor_toscano.png?resize=350%2C200&ssl=1","width":350,"height":200},"classes":[]},{"id":2164,"url":"https:\/\/tecnicashablarenpublico.com\/blog\/video-extra-como-mover-tus-manos-al-hablar-en-publico\/","url_meta":{"origin":76,"position":1},"title":"Video EXTRA: C\u00f3mo Mover Tus Manos al Hablar en P\u00fablico","author":"Victor Toscano T V","date":"05\/03\/2015","format":false,"excerpt":"[headline_arial_small_centered color=\"#aa0000\"]Mira a continuaci\u00f3n el\u00a0Video Extra que contiene las 10 t\u00e9cnicas faltantes...[\/headline_arial_small_centered] [headline_arial_small_centered color=\"#aa0000\"]Descarga\u00a0a continuaci\u00f3n la Gu\u00eda en PDF...[\/headline_arial_small_centered] Haz click derecho aqu\u00ed >> guadrar como, para descargar el PDF... \u00a0 \u00a0 \u00bfQuieres avanzar al siguiente nivel en tu manera de comunicarte? Si adem\u00e1s de recibir estos videos, quieres unirte\u2026","rel":"","context":"Entrada similar","block_context":{"text":"Entrada similar","link":""},"img":{"alt_text":"13 T\u00e9cnicas - Como mover tus manos al hablar en p\u00fablico.","src":"https:\/\/i0.wp.com\/tecnicashablarenpublico.com\/blog\/wp-content\/uploads\/2015\/03\/hep-portada-guia-podcast-99-como-mover-tus-manos.png?resize=350%2C200&ssl=1","width":350,"height":200},"classes":[]},{"id":83,"url":"https:\/\/tecnicashablarenpublico.com\/blog\/un-regalo\/","url_meta":{"origin":76,"position":2},"title":"&nbsp;&nbsp;Regalo&nbsp;&nbsp;","author":"Victor Toscano T V","date":"16\/06\/2010","format":false,"excerpt":"\u00a0\u00bfTe Gustar\u00eda Recibir las Mejores T\u00e9cnicas Para Hablar En P\u00fablico en tu Correo Electr\u00f3nico? Entra a la siguiente p\u00e1gina y deja tus datos para recibir este valioso curso y un regalo muy especial: Inscr\u00edbete y Descarga tu Regalo Aqu\u00ed El curso es GRATIS y recibir\u00e1s todas las T\u00e9cnicas en en\u2026","rel":"","context":"En \u00abT\u00e9cnicas Para Hablar En P\u00fablico\u00bb","block_context":{"text":"T\u00e9cnicas Para Hablar En P\u00fablico","link":"https:\/\/tecnicashablarenpublico.com\/blog\/category\/tecnicas-para-hablar-en-publico\/"},"img":{"alt_text":"","src":"","width":0,"height":0},"classes":[]},{"id":2,"url":"https:\/\/tecnicashablarenpublico.com\/blog\/sobre-mi\/","url_meta":{"origin":76,"position":3},"title":"\u00bfQui\u00e9n es V\u00edctor Toscano?","author":"Victor Toscano T V","date":"02\/06\/2010","format":false,"excerpt":"\u00a1Hola! Soy V\u00edctor Toscano, creador de esta p\u00e1gina. Mi misi\u00f3n es\u00a0ayudar\u00a0a las personas que est\u00e1n sufriendo lo que yo viv\u00ed:\u00a0\"El Miedo a Hablar en P\u00fablico.\" Yo era muy\u00a0t\u00edmido e introvertido, y sin embargo estaba lleno de sue\u00f1os. Pero para poder alcanzar esos sue\u00f1os, era necesario aprender a comunicarme y relacionarme\u2026","rel":"","context":"Entrada similar","block_context":{"text":"Entrada similar","link":""},"img":{"alt_text":"Victor Toscano","src":"https:\/\/i0.wp.com\/tecnicashablarenpublico.com\/blog\/wp-content\/uploads\/2010\/06\/FOTO_PERFIL-300x300.png?resize=350%2C200&ssl=1","width":350,"height":200},"classes":[]},{"id":28,"url":"https:\/\/tecnicashablarenpublico.com\/blog\/contactame\/","url_meta":{"origin":76,"position":4},"title":"Cont\u00e1ctame","author":"Victor Toscano T V","date":"15\/06\/2010","format":false,"excerpt":"\u00a1Hola! Soy V\u00edctor Toscano, creador de esta p\u00e1gina. Mi misi\u00f3n es\u00a0ayudar\u00a0a las personas que est\u00e1n sufriendo lo que yo viv\u00ed:\u00a0\"El Miedo a Hablar en P\u00fablico.\" Yo era muy\u00a0t\u00edmido e introvertido, y sin embargo estaba lleno de sue\u00f1os. Pero para poder alcanzar esos sue\u00f1os, era necesario aprender a comunicarme y relacionarme\u2026","rel":"","context":"En \u00abT\u00e9cnicas Para Hablar En P\u00fablico\u00bb","block_context":{"text":"T\u00e9cnicas Para Hablar En P\u00fablico","link":"https:\/\/tecnicashablarenpublico.com\/blog\/category\/tecnicas-para-hablar-en-publico\/"},"img":{"alt_text":"Victor Toscano","src":"https:\/\/i0.wp.com\/tecnicashablarenpublico.com\/blog\/wp-content\/uploads\/2010\/06\/FOTO_PERFIL-300x300.png?resize=350%2C200&ssl=1","width":350,"height":200},"classes":[]},{"id":2148,"url":"https:\/\/tecnicashablarenpublico.com\/blog\/guia-practica-pdf-como-memorizar-tu-discurso-de-oratoria-presentacion-en-publico\/","url_meta":{"origin":76,"position":5},"title":"Gu\u00eda Pr\u00e1ctica PDF: C\u00f3mo Memorizar Tu Discurso de Oratoria | Presentaci\u00f3n en P\u00fablico","author":"Victor Toscano T V","date":"12\/02\/2015","format":false,"excerpt":"[headline_arial_small_centered color=\"#aa0000\"]M\u00e9todo Loci para Memorizar\u00a0Tu Presentaci\u00f3n\u00a0al\u00a0Hablar en P\u00fablico o tu Discurso de Oratoria...[\/headline_arial_small_centered] [headline_arial_small_centered color=\"#000000\"]Haz click aqu\u00ed para Descargar esta Gu\u00eda...[\/headline_arial_small_centered] Este documento complementa lo explicado en el video de youtube llamado: \u201cCurso de Oratoria \u2013 Pr\u00e1ctica 2 \u2013 C\u00f3mo Estructurar y Preparar una Presentaci\u00f3n.\u201d En esta gu\u00eda\u00a0encontrar\u00e1s un ejemplo\u2026","rel":"","context":"Entrada similar","block_context":{"text":"Entrada similar","link":""},"img":{"alt_text":"hablar-en-publico-guia-pdf-como-memorizar-tu-discurso-presentacion-de-oratoria","src":"https:\/\/i0.wp.com\/tecnicashablarenpublico.com\/blog\/wp-content\/uploads\/2015\/02\/hablar-en-publico-guia-pdf-como-memorizar-tu-discurso-presentacion-de-oratoria.png?resize=350%2C200&ssl=1","width":350,"height":200},"classes":[]}],"jetpack_sharing_enabled":true,"_links":{"self":[{"href":"https:\/\/tecnicashablarenpublico.com\/blog\/wp-json\/wp\/v2\/pages\/76","targetHints":{"allow":["GET"]}}],"collection":[{"href":"https:\/\/tecnicashablarenpublico.com\/blog\/wp-json\/wp\/v2\/pages"}],"about":[{"href":"https:\/\/tecnicashablarenpublico.com\/blog\/wp-json\/wp\/v2\/types\/page"}],"author":[{"embeddable":true,"href":"https:\/\/tecnicashablarenpublico.com\/blog\/wp-json\/wp\/v2\/users\/1"}],"replies":[{"embeddable":true,"href":"https:\/\/tecnicashablarenpublico.com\/blog\/wp-json\/wp\/v2\/comments?post=76"}],"version-history":[{"count":0,"href":"https:\/\/tecnicashablarenpublico.com\/blog\/wp-json\/wp\/v2\/pages\/76\/revisions"}],"wp:attachment":[{"href":"https:\/\/tecnicashablarenpublico.com\/blog\/wp-json\/wp\/v2\/media?parent=76"}],"curies":[{"name":"wp","href":"https:\/\/api.w.org\/{rel}","templated":true}]}}