{"id":634,"date":"2013-01-09T13:27:23","date_gmt":"2013-01-09T18:27:23","guid":{"rendered":"https:\/\/tecnicashablarenpublico.com\/blog\/?page_id=634"},"modified":"2013-01-24T14:42:53","modified_gmt":"2013-01-24T19:42:53","slug":"politicas-de-privacidad","status":"publish","type":"page","link":"https:\/\/tecnicashablarenpublico.com\/blog\/politicas-de-privacidad\/","title":{"rendered":"Pol\u00edticas y T\u00e9rminos"},"content":{"rendered":"","protected":false},"excerpt":{"rendered":"","protected":false},"author":1,"featured_media":0,"parent":0,"menu_order":5,"comment_status":"open","ping_status":"closed","template":"page-redirect.php","meta":{"footnotes":""},"class_list":["post-634","page","type-page","status-publish","hentry","post-wrapper","thrv_wrapper"],"yoast_head":"<!-- This site is optimized with the Yoast SEO plugin v27.5 - https:\/\/yoast.com\/product\/yoast-seo-wordpress\/ -->\n<title>Pol\u00edticas y T\u00e9rminos - TecnicasHablarEnPublico.Com<\/title>\n<meta name=\"robots\" content=\"index, follow, max-snippet:-1, max-image-preview:large, max-video-preview:-1\" \/>\n<link rel=\"canonical\" href=\"https:\/\/tecnicashablarenpublico.com\/blog\/politicas-de-privacidad\/\" \/>\n<meta property=\"og:locale\" content=\"es_ES\" \/>\n<meta property=\"og:type\" content=\"article\" \/>\n<meta property=\"og:title\" content=\"Pol\u00edticas y T\u00e9rminos - TecnicasHablarEnPublico.Com\" \/>\n<meta property=\"og:url\" content=\"https:\/\/tecnicashablarenpublico.com\/blog\/politicas-de-privacidad\/\" \/>\n<meta property=\"og:site_name\" content=\"TecnicasHablarEnPublico.Com\" \/>\n<meta property=\"article:publisher\" content=\"https:\/\/www.facebook.com\/VictorToscanoOficial\/\" \/>\n<meta property=\"article:modified_time\" content=\"2013-01-24T19:42:53+00:00\" \/>\n<meta name=\"twitter:card\" content=\"summary_large_image\" \/>\n<script type=\"application\/ld+json\" class=\"yoast-schema-graph\">{\"@context\":\"https:\\\/\\\/schema.org\",\"@graph\":[{\"@type\":\"WebPage\",\"@id\":\"https:\\\/\\\/tecnicashablarenpublico.com\\\/blog\\\/politicas-de-privacidad\\\/\",\"url\":\"https:\\\/\\\/tecnicashablarenpublico.com\\\/blog\\\/politicas-de-privacidad\\\/\",\"name\":\"Pol\u00edticas y T\u00e9rminos - TecnicasHablarEnPublico.Com\",\"isPartOf\":{\"@id\":\"https:\\\/\\\/tecnicashablarenpublico.com\\\/blog\\\/#website\"},\"datePublished\":\"2013-01-09T18:27:23+00:00\",\"dateModified\":\"2013-01-24T19:42:53+00:00\",\"breadcrumb\":{\"@id\":\"https:\\\/\\\/tecnicashablarenpublico.com\\\/blog\\\/politicas-de-privacidad\\\/#breadcrumb\"},\"inLanguage\":\"es\",\"potentialAction\":[{\"@type\":\"ReadAction\",\"target\":[\"https:\\\/\\\/tecnicashablarenpublico.com\\\/blog\\\/politicas-de-privacidad\\\/\"]}]},{\"@type\":\"BreadcrumbList\",\"@id\":\"https:\\\/\\\/tecnicashablarenpublico.com\\\/blog\\\/politicas-de-privacidad\\\/#breadcrumb\",\"itemListElement\":[{\"@type\":\"ListItem\",\"position\":1,\"name\":\"Portada\",\"item\":\"https:\\\/\\\/tecnicashablarenpublico.com\\\/blog\\\/\"},{\"@type\":\"ListItem\",\"position\":2,\"name\":\"Pol\u00edticas y T\u00e9rminos\"}]},{\"@type\":\"WebSite\",\"@id\":\"https:\\\/\\\/tecnicashablarenpublico.com\\\/blog\\\/#website\",\"url\":\"https:\\\/\\\/tecnicashablarenpublico.com\\\/blog\\\/\",\"name\":\"TecnicasHablarEnPublico.Com\",\"description\":\"Blog\",\"publisher\":{\"@id\":\"https:\\\/\\\/tecnicashablarenpublico.com\\\/blog\\\/#organization\"},\"potentialAction\":[{\"@type\":\"SearchAction\",\"target\":{\"@type\":\"EntryPoint\",\"urlTemplate\":\"https:\\\/\\\/tecnicashablarenpublico.com\\\/blog\\\/?s={search_term_string}\"},\"query-input\":{\"@type\":\"PropertyValueSpecification\",\"valueRequired\":true,\"valueName\":\"search_term_string\"}}],\"inLanguage\":\"es\"},{\"@type\":\"Organization\",\"@id\":\"https:\\\/\\\/tecnicashablarenpublico.com\\\/blog\\\/#organization\",\"name\":\"TecnicasHablarEnPublico\",\"url\":\"https:\\\/\\\/tecnicashablarenpublico.com\\\/blog\\\/\",\"logo\":{\"@type\":\"ImageObject\",\"inLanguage\":\"es\",\"@id\":\"https:\\\/\\\/tecnicashablarenpublico.com\\\/blog\\\/#\\\/schema\\\/logo\\\/image\\\/\",\"url\":\"https:\\\/\\\/i0.wp.com\\\/tecnicashablarenpublico.com\\\/blog\\\/wp-content\\\/uploads\\\/2014\\\/11\\\/logo_cuadrado.png?fit=286%2C255&ssl=1\",\"contentUrl\":\"https:\\\/\\\/i0.wp.com\\\/tecnicashablarenpublico.com\\\/blog\\\/wp-content\\\/uploads\\\/2014\\\/11\\\/logo_cuadrado.png?fit=286%2C255&ssl=1\",\"width\":286,\"height\":255,\"caption\":\"TecnicasHablarEnPublico\"},\"image\":{\"@id\":\"https:\\\/\\\/tecnicashablarenpublico.com\\\/blog\\\/#\\\/schema\\\/logo\\\/image\\\/\"},\"sameAs\":[\"https:\\\/\\\/www.facebook.com\\\/VictorToscanoOficial\\\/\"]}]}<\/script>\n<!-- \/ Yoast SEO plugin. -->","yoast_head_json":{"title":"Pol\u00edticas y T\u00e9rminos - TecnicasHablarEnPublico.Com","robots":{"index":"index","follow":"follow","max-snippet":"max-snippet:-1","max-image-preview":"max-image-preview:large","max-video-preview":"max-video-preview:-1"},"canonical":"https:\/\/tecnicashablarenpublico.com\/blog\/politicas-de-privacidad\/","og_locale":"es_ES","og_type":"article","og_title":"Pol\u00edticas y T\u00e9rminos - TecnicasHablarEnPublico.Com","og_url":"https:\/\/tecnicashablarenpublico.com\/blog\/politicas-de-privacidad\/","og_site_name":"TecnicasHablarEnPublico.Com","article_publisher":"https:\/\/www.facebook.com\/VictorToscanoOficial\/","article_modified_time":"2013-01-24T19:42:53+00:00","twitter_card":"summary_large_image","schema":{"@context":"https:\/\/schema.org","@graph":[{"@type":"WebPage","@id":"https:\/\/tecnicashablarenpublico.com\/blog\/politicas-de-privacidad\/","url":"https:\/\/tecnicashablarenpublico.com\/blog\/politicas-de-privacidad\/","name":"Pol\u00edticas y T\u00e9rminos - TecnicasHablarEnPublico.Com","isPartOf":{"@id":"https:\/\/tecnicashablarenpublico.com\/blog\/#website"},"datePublished":"2013-01-09T18:27:23+00:00","dateModified":"2013-01-24T19:42:53+00:00","breadcrumb":{"@id":"https:\/\/tecnicashablarenpublico.com\/blog\/politicas-de-privacidad\/#breadcrumb"},"inLanguage":"es","potentialAction":[{"@type":"ReadAction","target":["https:\/\/tecnicashablarenpublico.com\/blog\/politicas-de-privacidad\/"]}]},{"@type":"BreadcrumbList","@id":"https:\/\/tecnicashablarenpublico.com\/blog\/politicas-de-privacidad\/#breadcrumb","itemListElement":[{"@type":"ListItem","position":1,"name":"Portada","item":"https:\/\/tecnicashablarenpublico.com\/blog\/"},{"@type":"ListItem","position":2,"name":"Pol\u00edticas y T\u00e9rminos"}]},{"@type":"WebSite","@id":"https:\/\/tecnicashablarenpublico.com\/blog\/#website","url":"https:\/\/tecnicashablarenpublico.com\/blog\/","name":"TecnicasHablarEnPublico.Com","description":"Blog","publisher":{"@id":"https:\/\/tecnicashablarenpublico.com\/blog\/#organization"},"potentialAction":[{"@type":"SearchAction","target":{"@type":"EntryPoint","urlTemplate":"https:\/\/tecnicashablarenpublico.com\/blog\/?s={search_term_string}"},"query-input":{"@type":"PropertyValueSpecification","valueRequired":true,"valueName":"search_term_string"}}],"inLanguage":"es"},{"@type":"Organization","@id":"https:\/\/tecnicashablarenpublico.com\/blog\/#organization","name":"TecnicasHablarEnPublico","url":"https:\/\/tecnicashablarenpublico.com\/blog\/","logo":{"@type":"ImageObject","inLanguage":"es","@id":"https:\/\/tecnicashablarenpublico.com\/blog\/#\/schema\/logo\/image\/","url":"https:\/\/i0.wp.com\/tecnicashablarenpublico.com\/blog\/wp-content\/uploads\/2014\/11\/logo_cuadrado.png?fit=286%2C255&ssl=1","contentUrl":"https:\/\/i0.wp.com\/tecnicashablarenpublico.com\/blog\/wp-content\/uploads\/2014\/11\/logo_cuadrado.png?fit=286%2C255&ssl=1","width":286,"height":255,"caption":"TecnicasHablarEnPublico"},"image":{"@id":"https:\/\/tecnicashablarenpublico.com\/blog\/#\/schema\/logo\/image\/"},"sameAs":["https:\/\/www.facebook.com\/VictorToscanoOficial\/"]}]}},"jetpack_shortlink":"https:\/\/wp.me\/P338RC-ae","jetpack-related-posts":[{"id":76,"url":"https:\/\/tecnicashablarenpublico.com\/blog\/productos\/","url_meta":{"origin":634,"position":0},"title":"Inscr\u00edbete a mi Curso:","author":"Victor Toscano T V","date":"16\/06\/2010","format":false,"excerpt":"[headline_arial_small_left color=\"#cc0000\"]CURSO-ENTRENAMIENTO: \"C\u00f3mo Convertirte En Un Experto Para Hablar En P\u00fablico[\/headline_arial_small_left] Este es un\u00a0Curso-Entrenamiento en Audio, Video y Texto\u00a0totalmente EN LINEA (virtual), que est\u00e1 dise\u00f1ado espec\u00edficamente para personas que tienen\u00a0miedo a hablar en p\u00fablico\u00a0y quieren aprender a expresarse mejor... Pero tambi\u00e9n es de gran utilidad para aquellos que ya tienen\u2026","rel":"","context":"En \u00abT\u00e9cnicas Para Hablar En P\u00fablico\u00bb","block_context":{"text":"T\u00e9cnicas Para Hablar En P\u00fablico","link":"https:\/\/tecnicashablarenpublico.com\/blog\/category\/tecnicas-para-hablar-en-publico\/"},"img":{"alt_text":"","src":"","width":0,"height":0},"classes":[]},{"id":28,"url":"https:\/\/tecnicashablarenpublico.com\/blog\/contactame\/","url_meta":{"origin":634,"position":1},"title":"Cont\u00e1ctame","author":"Victor Toscano T V","date":"15\/06\/2010","format":false,"excerpt":"\u00a1Hola! Soy V\u00edctor Toscano, creador de esta p\u00e1gina. Mi misi\u00f3n es\u00a0ayudar\u00a0a las personas que est\u00e1n sufriendo lo que yo viv\u00ed:\u00a0\"El Miedo a Hablar en P\u00fablico.\" Yo era muy\u00a0t\u00edmido e introvertido, y sin embargo estaba lleno de sue\u00f1os. Pero para poder alcanzar esos sue\u00f1os, era necesario aprender a comunicarme y relacionarme\u2026","rel":"","context":"En \u00abT\u00e9cnicas Para Hablar En P\u00fablico\u00bb","block_context":{"text":"T\u00e9cnicas Para Hablar En P\u00fablico","link":"https:\/\/tecnicashablarenpublico.com\/blog\/category\/tecnicas-para-hablar-en-publico\/"},"img":{"alt_text":"Victor Toscano","src":"https:\/\/i0.wp.com\/tecnicashablarenpublico.com\/blog\/wp-content\/uploads\/2010\/06\/FOTO_PERFIL-300x300.png?resize=350%2C200&ssl=1","width":350,"height":200},"classes":[]},{"id":2,"url":"https:\/\/tecnicashablarenpublico.com\/blog\/sobre-mi\/","url_meta":{"origin":634,"position":2},"title":"\u00bfQui\u00e9n es V\u00edctor Toscano?","author":"Victor Toscano T V","date":"02\/06\/2010","format":false,"excerpt":"\u00a1Hola! Soy V\u00edctor Toscano, creador de esta p\u00e1gina. Mi misi\u00f3n es\u00a0ayudar\u00a0a las personas que est\u00e1n sufriendo lo que yo viv\u00ed:\u00a0\"El Miedo a Hablar en P\u00fablico.\" Yo era muy\u00a0t\u00edmido e introvertido, y sin embargo estaba lleno de sue\u00f1os. Pero para poder alcanzar esos sue\u00f1os, era necesario aprender a comunicarme y relacionarme\u2026","rel":"","context":"Entrada similar","block_context":{"text":"Entrada similar","link":""},"img":{"alt_text":"Victor Toscano","src":"https:\/\/i0.wp.com\/tecnicashablarenpublico.com\/blog\/wp-content\/uploads\/2010\/06\/FOTO_PERFIL-300x300.png?resize=350%2C200&ssl=1","width":350,"height":200},"classes":[]},{"id":914,"url":"https:\/\/tecnicashablarenpublico.com\/blog\/la-clave\/","url_meta":{"origin":634,"position":3},"title":"La CLAVE para Aprender a Hablar en P\u00fablico (VIDEO CORTO)","author":"Victor Toscano T V","date":"01\/02\/2013","format":false,"excerpt":"[headline_arial_medium_centered color=\"#aa0000\"]La CLAVE para Aprender a Hablar en P\u00fablico[\/headline_arial_medium_centered] Muy bien, aqu\u00ed tienes el VIDEO del que te habl\u00e9, presta s\u00f3lo 7 minutos de tu atenci\u00f3n y m\u00edralo: [headline_arial_medium_centered color=\"#aa0000\"]D\u00e9jame Mostrarte C\u00f3mo T\u00da Puedes Aprender A Hablar En P\u00fablico Como Un Profesional Y Vencer Tu P\u00e1nico Esc\u00e9nico En S\u00f3lo 4\u2026","rel":"","context":"Entrada similar","block_context":{"text":"Entrada similar","link":""},"img":{"alt_text":"Victor Toscano - Tecnicas para hablar en publico","src":"https:\/\/i0.wp.com\/tecnicashablarenpublico.com\/imagenes\/n\/victor_toscano.png?resize=350%2C200&ssl=1","width":350,"height":200},"classes":[]},{"id":83,"url":"https:\/\/tecnicashablarenpublico.com\/blog\/un-regalo\/","url_meta":{"origin":634,"position":4},"title":"&nbsp;&nbsp;Regalo&nbsp;&nbsp;","author":"Victor Toscano T V","date":"16\/06\/2010","format":false,"excerpt":"\u00a0\u00bfTe Gustar\u00eda Recibir las Mejores T\u00e9cnicas Para Hablar En P\u00fablico en tu Correo Electr\u00f3nico? Entra a la siguiente p\u00e1gina y deja tus datos para recibir este valioso curso y un regalo muy especial: Inscr\u00edbete y Descarga tu Regalo Aqu\u00ed El curso es GRATIS y recibir\u00e1s todas las T\u00e9cnicas en en\u2026","rel":"","context":"En \u00abT\u00e9cnicas Para Hablar En P\u00fablico\u00bb","block_context":{"text":"T\u00e9cnicas Para Hablar En P\u00fablico","link":"https:\/\/tecnicashablarenpublico.com\/blog\/category\/tecnicas-para-hablar-en-publico\/"},"img":{"alt_text":"","src":"","width":0,"height":0},"classes":[]},{"id":2157,"url":"https:\/\/tecnicashablarenpublico.com\/blog\/guia-practica-pdf-13-tecnicas-de-como-mover-tus-manos-al-hablar-en-publico\/","url_meta":{"origin":634,"position":5},"title":"Gu\u00eda Pr\u00e1ctica PDF: 13 T\u00e9cnicas de C\u00f3mo Mover Tus Manos al Hablar en P\u00fablico","author":"Victor Toscano T V","date":"05\/03\/2015","format":false,"excerpt":"\u00bfPor qu\u00e9 prestar atenci\u00f3n a los movimientos que haces con tus manos? La manera en que mueves tus manos, sea consciente o inconscientemente puede enfatizar tu mensaje de manera positiva o de manera negativa. Los movimientos de tus manos son una parte importante de tu lenguaje no verbal, y por\u2026","rel":"","context":"Entrada similar","block_context":{"text":"Entrada similar","link":""},"img":{"alt_text":"","src":"https:\/\/i0.wp.com\/optimizacionpaginasmedia.s3.amazonaws.com\/2023\/06\/mmb8YmZw-como-mover-tus-manos-al-hablar-en-publico.png?fit=460%2C328&ssl=1&resize=350%2C200","width":350,"height":200},"classes":[]}],"jetpack_sharing_enabled":true,"_links":{"self":[{"href":"https:\/\/tecnicashablarenpublico.com\/blog\/wp-json\/wp\/v2\/pages\/634","targetHints":{"allow":["GET"]}}],"collection":[{"href":"https:\/\/tecnicashablarenpublico.com\/blog\/wp-json\/wp\/v2\/pages"}],"about":[{"href":"https:\/\/tecnicashablarenpublico.com\/blog\/wp-json\/wp\/v2\/types\/page"}],"author":[{"embeddable":true,"href":"https:\/\/tecnicashablarenpublico.com\/blog\/wp-json\/wp\/v2\/users\/1"}],"replies":[{"embeddable":true,"href":"https:\/\/tecnicashablarenpublico.com\/blog\/wp-json\/wp\/v2\/comments?post=634"}],"version-history":[{"count":0,"href":"https:\/\/tecnicashablarenpublico.com\/blog\/wp-json\/wp\/v2\/pages\/634\/revisions"}],"wp:attachment":[{"href":"https:\/\/tecnicashablarenpublico.com\/blog\/wp-json\/wp\/v2\/media?parent=634"}],"curies":[{"name":"wp","href":"https:\/\/api.w.org\/{rel}","templated":true}]}}