{"id":2017,"date":"2014-06-26T11:39:28","date_gmt":"2014-06-26T17:39:28","guid":{"rendered":"https:\/\/tecnicashablarenpublico.com\/blog\/?page_id=2017"},"modified":"2014-06-26T11:39:28","modified_gmt":"2014-06-26T17:39:28","slug":"victor-toscano","status":"publish","type":"page","link":"https:\/\/tecnicashablarenpublico.com\/blog\/victor-toscano\/","title":{"rendered":"Victor Toscano"},"content":{"rendered":"","protected":false},"excerpt":{"rendered":"","protected":false},"author":1,"featured_media":0,"parent":0,"menu_order":0,"comment_status":"open","ping_status":"closed","template":"page-redirect.php","meta":{"footnotes":""},"class_list":["post-2017","page","type-page","status-publish","hentry","post-wrapper","thrv_wrapper"],"yoast_head":"<!-- This site is optimized with the Yoast SEO plugin v27.5 - https:\/\/yoast.com\/product\/yoast-seo-wordpress\/ -->\n<title>Victor Toscano - TecnicasHablarEnPublico.Com<\/title>\n<meta name=\"robots\" content=\"index, follow, max-snippet:-1, max-image-preview:large, max-video-preview:-1\" \/>\n<link rel=\"canonical\" href=\"https:\/\/tecnicashablarenpublico.com\/blog\/victor-toscano\/\" \/>\n<meta property=\"og:locale\" content=\"es_ES\" \/>\n<meta property=\"og:type\" content=\"article\" \/>\n<meta property=\"og:title\" content=\"Victor Toscano - TecnicasHablarEnPublico.Com\" \/>\n<meta property=\"og:url\" content=\"https:\/\/tecnicashablarenpublico.com\/blog\/victor-toscano\/\" \/>\n<meta property=\"og:site_name\" content=\"TecnicasHablarEnPublico.Com\" \/>\n<meta property=\"article:publisher\" content=\"https:\/\/www.facebook.com\/VictorToscanoOficial\/\" \/>\n<meta name=\"twitter:card\" content=\"summary_large_image\" \/>\n<script type=\"application\/ld+json\" class=\"yoast-schema-graph\">{\"@context\":\"https:\\\/\\\/schema.org\",\"@graph\":[{\"@type\":\"WebPage\",\"@id\":\"https:\\\/\\\/tecnicashablarenpublico.com\\\/blog\\\/victor-toscano\\\/\",\"url\":\"https:\\\/\\\/tecnicashablarenpublico.com\\\/blog\\\/victor-toscano\\\/\",\"name\":\"Victor Toscano - TecnicasHablarEnPublico.Com\",\"isPartOf\":{\"@id\":\"https:\\\/\\\/tecnicashablarenpublico.com\\\/blog\\\/#website\"},\"datePublished\":\"2014-06-26T17:39:28+00:00\",\"breadcrumb\":{\"@id\":\"https:\\\/\\\/tecnicashablarenpublico.com\\\/blog\\\/victor-toscano\\\/#breadcrumb\"},\"inLanguage\":\"es\",\"potentialAction\":[{\"@type\":\"ReadAction\",\"target\":[\"https:\\\/\\\/tecnicashablarenpublico.com\\\/blog\\\/victor-toscano\\\/\"]}]},{\"@type\":\"BreadcrumbList\",\"@id\":\"https:\\\/\\\/tecnicashablarenpublico.com\\\/blog\\\/victor-toscano\\\/#breadcrumb\",\"itemListElement\":[{\"@type\":\"ListItem\",\"position\":1,\"name\":\"Portada\",\"item\":\"https:\\\/\\\/tecnicashablarenpublico.com\\\/blog\\\/\"},{\"@type\":\"ListItem\",\"position\":2,\"name\":\"Victor Toscano\"}]},{\"@type\":\"WebSite\",\"@id\":\"https:\\\/\\\/tecnicashablarenpublico.com\\\/blog\\\/#website\",\"url\":\"https:\\\/\\\/tecnicashablarenpublico.com\\\/blog\\\/\",\"name\":\"TecnicasHablarEnPublico.Com\",\"description\":\"Blog\",\"publisher\":{\"@id\":\"https:\\\/\\\/tecnicashablarenpublico.com\\\/blog\\\/#organization\"},\"potentialAction\":[{\"@type\":\"SearchAction\",\"target\":{\"@type\":\"EntryPoint\",\"urlTemplate\":\"https:\\\/\\\/tecnicashablarenpublico.com\\\/blog\\\/?s={search_term_string}\"},\"query-input\":{\"@type\":\"PropertyValueSpecification\",\"valueRequired\":true,\"valueName\":\"search_term_string\"}}],\"inLanguage\":\"es\"},{\"@type\":\"Organization\",\"@id\":\"https:\\\/\\\/tecnicashablarenpublico.com\\\/blog\\\/#organization\",\"name\":\"TecnicasHablarEnPublico\",\"url\":\"https:\\\/\\\/tecnicashablarenpublico.com\\\/blog\\\/\",\"logo\":{\"@type\":\"ImageObject\",\"inLanguage\":\"es\",\"@id\":\"https:\\\/\\\/tecnicashablarenpublico.com\\\/blog\\\/#\\\/schema\\\/logo\\\/image\\\/\",\"url\":\"https:\\\/\\\/i0.wp.com\\\/tecnicashablarenpublico.com\\\/blog\\\/wp-content\\\/uploads\\\/2014\\\/11\\\/logo_cuadrado.png?fit=286%2C255&ssl=1\",\"contentUrl\":\"https:\\\/\\\/i0.wp.com\\\/tecnicashablarenpublico.com\\\/blog\\\/wp-content\\\/uploads\\\/2014\\\/11\\\/logo_cuadrado.png?fit=286%2C255&ssl=1\",\"width\":286,\"height\":255,\"caption\":\"TecnicasHablarEnPublico\"},\"image\":{\"@id\":\"https:\\\/\\\/tecnicashablarenpublico.com\\\/blog\\\/#\\\/schema\\\/logo\\\/image\\\/\"},\"sameAs\":[\"https:\\\/\\\/www.facebook.com\\\/VictorToscanoOficial\\\/\"]}]}<\/script>\n<!-- \/ Yoast SEO plugin. -->","yoast_head_json":{"title":"Victor Toscano - TecnicasHablarEnPublico.Com","robots":{"index":"index","follow":"follow","max-snippet":"max-snippet:-1","max-image-preview":"max-image-preview:large","max-video-preview":"max-video-preview:-1"},"canonical":"https:\/\/tecnicashablarenpublico.com\/blog\/victor-toscano\/","og_locale":"es_ES","og_type":"article","og_title":"Victor Toscano - TecnicasHablarEnPublico.Com","og_url":"https:\/\/tecnicashablarenpublico.com\/blog\/victor-toscano\/","og_site_name":"TecnicasHablarEnPublico.Com","article_publisher":"https:\/\/www.facebook.com\/VictorToscanoOficial\/","twitter_card":"summary_large_image","schema":{"@context":"https:\/\/schema.org","@graph":[{"@type":"WebPage","@id":"https:\/\/tecnicashablarenpublico.com\/blog\/victor-toscano\/","url":"https:\/\/tecnicashablarenpublico.com\/blog\/victor-toscano\/","name":"Victor Toscano - TecnicasHablarEnPublico.Com","isPartOf":{"@id":"https:\/\/tecnicashablarenpublico.com\/blog\/#website"},"datePublished":"2014-06-26T17:39:28+00:00","breadcrumb":{"@id":"https:\/\/tecnicashablarenpublico.com\/blog\/victor-toscano\/#breadcrumb"},"inLanguage":"es","potentialAction":[{"@type":"ReadAction","target":["https:\/\/tecnicashablarenpublico.com\/blog\/victor-toscano\/"]}]},{"@type":"BreadcrumbList","@id":"https:\/\/tecnicashablarenpublico.com\/blog\/victor-toscano\/#breadcrumb","itemListElement":[{"@type":"ListItem","position":1,"name":"Portada","item":"https:\/\/tecnicashablarenpublico.com\/blog\/"},{"@type":"ListItem","position":2,"name":"Victor Toscano"}]},{"@type":"WebSite","@id":"https:\/\/tecnicashablarenpublico.com\/blog\/#website","url":"https:\/\/tecnicashablarenpublico.com\/blog\/","name":"TecnicasHablarEnPublico.Com","description":"Blog","publisher":{"@id":"https:\/\/tecnicashablarenpublico.com\/blog\/#organization"},"potentialAction":[{"@type":"SearchAction","target":{"@type":"EntryPoint","urlTemplate":"https:\/\/tecnicashablarenpublico.com\/blog\/?s={search_term_string}"},"query-input":{"@type":"PropertyValueSpecification","valueRequired":true,"valueName":"search_term_string"}}],"inLanguage":"es"},{"@type":"Organization","@id":"https:\/\/tecnicashablarenpublico.com\/blog\/#organization","name":"TecnicasHablarEnPublico","url":"https:\/\/tecnicashablarenpublico.com\/blog\/","logo":{"@type":"ImageObject","inLanguage":"es","@id":"https:\/\/tecnicashablarenpublico.com\/blog\/#\/schema\/logo\/image\/","url":"https:\/\/i0.wp.com\/tecnicashablarenpublico.com\/blog\/wp-content\/uploads\/2014\/11\/logo_cuadrado.png?fit=286%2C255&ssl=1","contentUrl":"https:\/\/i0.wp.com\/tecnicashablarenpublico.com\/blog\/wp-content\/uploads\/2014\/11\/logo_cuadrado.png?fit=286%2C255&ssl=1","width":286,"height":255,"caption":"TecnicasHablarEnPublico"},"image":{"@id":"https:\/\/tecnicashablarenpublico.com\/blog\/#\/schema\/logo\/image\/"},"sameAs":["https:\/\/www.facebook.com\/VictorToscanoOficial\/"]}]}},"jetpack_shortlink":"https:\/\/wp.me\/P338RC-wx","jetpack-related-posts":[{"id":2,"url":"https:\/\/tecnicashablarenpublico.com\/blog\/sobre-mi\/","url_meta":{"origin":2017,"position":0},"title":"\u00bfQui\u00e9n es V\u00edctor Toscano?","author":"Victor Toscano T V","date":"02\/06\/2010","format":false,"excerpt":"\u00a1Hola! Soy V\u00edctor Toscano, creador de esta p\u00e1gina. Mi misi\u00f3n es\u00a0ayudar\u00a0a las personas que est\u00e1n sufriendo lo que yo viv\u00ed:\u00a0\"El Miedo a Hablar en P\u00fablico.\" Yo era muy\u00a0t\u00edmido e introvertido, y sin embargo estaba lleno de sue\u00f1os. Pero para poder alcanzar esos sue\u00f1os, era necesario aprender a comunicarme y relacionarme\u2026","rel":"","context":"Entrada similar","block_context":{"text":"Entrada similar","link":""},"img":{"alt_text":"Victor Toscano","src":"https:\/\/i0.wp.com\/tecnicashablarenpublico.com\/blog\/wp-content\/uploads\/2010\/06\/FOTO_PERFIL-300x300.png?resize=350%2C200&ssl=1","width":350,"height":200},"classes":[]},{"id":28,"url":"https:\/\/tecnicashablarenpublico.com\/blog\/contactame\/","url_meta":{"origin":2017,"position":1},"title":"Cont\u00e1ctame","author":"Victor Toscano T V","date":"15\/06\/2010","format":false,"excerpt":"\u00a1Hola! Soy V\u00edctor Toscano, creador de esta p\u00e1gina. Mi misi\u00f3n es\u00a0ayudar\u00a0a las personas que est\u00e1n sufriendo lo que yo viv\u00ed:\u00a0\"El Miedo a Hablar en P\u00fablico.\" Yo era muy\u00a0t\u00edmido e introvertido, y sin embargo estaba lleno de sue\u00f1os. Pero para poder alcanzar esos sue\u00f1os, era necesario aprender a comunicarme y relacionarme\u2026","rel":"","context":"En \u00abT\u00e9cnicas Para Hablar En P\u00fablico\u00bb","block_context":{"text":"T\u00e9cnicas Para Hablar En P\u00fablico","link":"https:\/\/tecnicashablarenpublico.com\/blog\/category\/tecnicas-para-hablar-en-publico\/"},"img":{"alt_text":"Victor Toscano","src":"https:\/\/i0.wp.com\/tecnicashablarenpublico.com\/blog\/wp-content\/uploads\/2010\/06\/FOTO_PERFIL-300x300.png?resize=350%2C200&ssl=1","width":350,"height":200},"classes":[]},{"id":1920,"url":"https:\/\/tecnicashablarenpublico.com\/blog\/aparta-tu-lugar\/","url_meta":{"origin":2017,"position":2},"title":"CURSO-TALLER: \u00abComunicaci\u00f3n Efectiva\u00bb","author":"Victor Toscano T V","date":"26\/03\/2014","format":false,"excerpt":"\u00a1Aparta Tu Lugar Hoy! Para inscribirte s\u00f3lo tienes que llamar al siguiente tel\u00e9fono: (33) 38 60 05 20 (Obt\u00e9n el 10% de DESCUENTO al mencionar mi nombre:\u00a0V\u00edctor Toscano) Este es un curso presencial en la ciudad de Guadalajara, M\u00e9xico. \u00a1Pregunta por los horarios y pr\u00f3ximas fechas de inicio!","rel":"","context":"Entrada similar","block_context":{"text":"Entrada similar","link":""},"img":{"alt_text":"Curso de oratoria para hablar en publico en Guadalajara GDL","src":"https:\/\/i0.wp.com\/optimizacionpaginasmedia.s3.amazonaws.com\/2020\/05\/curso-de-oratoria-como-hablar-en-publico-en-guadalajara.jpg?fit=702%2C397&ssl=1&resize=350%2C200","width":350,"height":200,"srcset":"https:\/\/i0.wp.com\/optimizacionpaginasmedia.s3.amazonaws.com\/2020\/05\/curso-de-oratoria-como-hablar-en-publico-en-guadalajara.jpg?fit=702%2C397&ssl=1&resize=350%2C200 1x, https:\/\/i0.wp.com\/optimizacionpaginasmedia.s3.amazonaws.com\/2020\/05\/curso-de-oratoria-como-hablar-en-publico-en-guadalajara.jpg?fit=702%2C397&ssl=1&resize=525%2C300 1.5x, https:\/\/i0.wp.com\/optimizacionpaginasmedia.s3.amazonaws.com\/2020\/05\/curso-de-oratoria-como-hablar-en-publico-en-guadalajara.jpg?fit=702%2C397&ssl=1&resize=700%2C400 2x"},"classes":[]},{"id":631,"url":"https:\/\/tecnicashablarenpublico.com\/blog\/afiliados\/","url_meta":{"origin":2017,"position":3},"title":"Afiliados","author":"Victor Toscano T V","date":"09\/01\/2013","format":false,"excerpt":"","rel":"","context":"Entrada similar","block_context":{"text":"Entrada similar","link":""},"img":{"alt_text":"","src":"","width":0,"height":0},"classes":[]},{"id":633,"url":"https:\/\/tecnicashablarenpublico.com\/blog\/blog\/","url_meta":{"origin":2017,"position":4},"title":"Blog","author":"Victor Toscano T V","date":"09\/01\/2013","format":false,"excerpt":"","rel":"","context":"Entrada similar","block_context":{"text":"Entrada similar","link":""},"img":{"alt_text":"","src":"","width":0,"height":0},"classes":[]},{"id":1034,"url":"https:\/\/tecnicashablarenpublico.com\/blog\/cursos\/","url_meta":{"origin":2017,"position":5},"title":"Cursos","author":"Victor Toscano T V","date":"25\/02\/2013","format":false,"excerpt":"","rel":"","context":"Entrada similar","block_context":{"text":"Entrada similar","link":""},"img":{"alt_text":"","src":"","width":0,"height":0},"classes":[]}],"jetpack_sharing_enabled":true,"_links":{"self":[{"href":"https:\/\/tecnicashablarenpublico.com\/blog\/wp-json\/wp\/v2\/pages\/2017","targetHints":{"allow":["GET"]}}],"collection":[{"href":"https:\/\/tecnicashablarenpublico.com\/blog\/wp-json\/wp\/v2\/pages"}],"about":[{"href":"https:\/\/tecnicashablarenpublico.com\/blog\/wp-json\/wp\/v2\/types\/page"}],"author":[{"embeddable":true,"href":"https:\/\/tecnicashablarenpublico.com\/blog\/wp-json\/wp\/v2\/users\/1"}],"replies":[{"embeddable":true,"href":"https:\/\/tecnicashablarenpublico.com\/blog\/wp-json\/wp\/v2\/comments?post=2017"}],"version-history":[{"count":0,"href":"https:\/\/tecnicashablarenpublico.com\/blog\/wp-json\/wp\/v2\/pages\/2017\/revisions"}],"wp:attachment":[{"href":"https:\/\/tecnicashablarenpublico.com\/blog\/wp-json\/wp\/v2\/media?parent=2017"}],"curies":[{"name":"wp","href":"https:\/\/api.w.org\/{rel}","templated":true}]}}