{"id":637,"date":"2015-04-26T11:04:35","date_gmt":"2015-04-26T17:04:35","guid":{"rendered":"http:\/\/tecnicashablarenpublico.com\/alumnos\/comunidad\/grabaciones-sesiones-practicas\/"},"modified":"2020-09-04T10:05:22","modified_gmt":"2020-09-04T16:05:22","slug":"grabaciones-webinario-improvisando","status":"publish","type":"page","link":"https:\/\/tecnicashablarenpublico.com\/alumnos\/comunidad\/grabaciones-webinario-improvisando\/","title":{"rendered":"GRABACIONES: Webinario Improvisando"},"content":{"rendered":"<p style=\"text-align: center;\"><em>Ver fechas y datos de nuestro pr\u00f3ximo evento de pr\u00e1ctica EN VIVO&#8230;<\/em><\/p>\n<div class=\"tcb-post-list tve-content-list thrv_wrapper\" data-type=\"list\" data-pagination-type=\"none\" data-pages_near_current=\"2\" data-css=\"tve-u-17459d5f16e\" data-total_post_count=\"92\" data-total_sticky_count=\"0\" data-disabled-links=\"1\" data-featured-list=\"tve-u-17456477f4a\" data-no_posts_text=\"There are no posts to display.\"><article id=\"post-4833\" class=\"post-4833 post type-post status-publish format-video has-post-thumbnail hentry category-webinario-improvisando post_format-post-format-video post-wrapper thrv_wrapper thrive-animated-item  tve_evt_manager_listen tve_ea_thrive_animation tve_et_mouseover tve_anim_sweep_to_bottom\" tcb_hover_state_parent=\"\" class=\"tve_evt_manager_listen tve_ea_thrive_animation tve_et_mouseover tve_anim_sweep_to_bottom\" data-id=\"4833\" data-selector=\".post-wrapper\"><style class=\"tcb-post-list-dynamic-style\" type=\"text\/css\">@media (min-width: 300px){[].tcb-post-list #post-4833 []{background-image: url(\u00abhttps:\/\/tecnicashablarenpublico.com\/alumnos\/wp-content\/uploads\/2024\/09\/imagen-comunidad-alumnos-300x147.png\u00ab) !important;}[].tcb-post-list #post-4833 []:hover []{background-image: url(\u00abhttps:\/\/tecnicashablarenpublico.com\/alumnos\/wp-content\/uploads\/2024\/09\/imagen-comunidad-alumnos-300x147.png\u00ab) !important;}}<\/style><a href=\"https:\/\/tecnicashablarenpublico.com\/alumnos\/webinario-improvisando\/2025-anuncio-webinarios\/\" dynamic-postlink=\"tcb_post_the_permalink\" data-shortcode-id=\"1543\"><\/a><\/p>\n<h2 style=\"\"><span data-attr-link=\"1\" data-attr-rel=\"0\" data-attr-target=\"0\" data-extra_key=\"\" data-option-inline=\"1\" data-shortcode=\"tcb_post_title\" data-shortcode-name=\"Post title\" data-attr-css=\"\" data-attr-static-link=\"{&quot;className&quot;:&quot;tve-froala fr-basic&quot;,&quot;href&quot;:&quot;https:\/\/lp-build.thrivethemes.com\/leo-vel-orci-porta-non-pulvinar-neque\/&quot;,&quot;title&quot;:&quot;Leo vel orci porta non pulvinar neque&quot;,&quot;class&quot;:&quot;tve-froala fr-basic&quot;}\"><a href=\"https:\/\/tecnicashablarenpublico.com\/alumnos\/webinario-improvisando\/2025-anuncio-webinarios\/\" title=\"2025 Anuncio Webinarios\" data-css=\"\" class=\"tve-froala fr-basic\">2025 Anuncio Webinarios<\/a><\/span><\/h2>\n<p><section class=\"tcb-post-content tcb-shortcode thrv_wrapper\" data-css=\"tve-u-17459d5f17b\"><a class=\"more-link\" href=\"https:\/\/tecnicashablarenpublico.com\/alumnos\/webinario-improvisando\/2025-anuncio-webinarios\/#more-4833\"><\/a><\/section><a href=\"https:\/\/tecnicashablarenpublico.com\/alumnos\/webinario-improvisando\/2025-anuncio-webinarios\/\"><span><span style=\"\">Ver grabaci\u00f3n de la sesi\u00f3n<\/span><\/span><\/a><\/p>\n<blockquote style=\"\"><p><span data-shortcode=\"tcb_post_published_date\" data-shortcode-name=\"Post date\" data-extra_key=\"\" data-attr-type=\"published\" data-attr-date-format-select=\"j de F de Y\" data-attr-date-format=\"F j, Y\" data-attr-show-time=\"0\" data-attr-time-format-select=\"H:i\" data-attr-time-format=\"\" data-attr-link=\"0\" data-attr-target=\"1\" data-attr-rel=\"0\" data-option-inline=\"1\">mayo 1, 2025 <\/span><\/p><\/blockquote>\n<p><div class=\"tve-article-cover\"><a class=\"tcb-article-cover-link\" href=\"https:\/\/tecnicashablarenpublico.com\/alumnos\/webinario-improvisando\/2025-anuncio-webinarios\/\">2025 Anuncio Webinarios<\/a><\/div><\/article><article id=\"post-4825\" class=\"post-4825 post type-post status-publish format-video has-post-thumbnail hentry category-webinario-improvisando post_format-post-format-video post-wrapper thrv_wrapper thrive-animated-item  tve_evt_manager_listen tve_ea_thrive_animation tve_et_mouseover tve_anim_sweep_to_bottom\" tcb_hover_state_parent=\"\" class=\"tve_evt_manager_listen tve_ea_thrive_animation tve_et_mouseover tve_anim_sweep_to_bottom\" data-id=\"4825\" data-selector=\".post-wrapper\"><style class=\"tcb-post-list-dynamic-style\" type=\"text\/css\">@media (min-width: 300px){[].tcb-post-list #post-4825 []{background-image: url(\u00abhttps:\/\/tecnicashablarenpublico.com\/alumnos\/wp-content\/uploads\/2024\/09\/imagen-comunidad-alumnos-300x147.png\u00ab) !important;}[].tcb-post-list #post-4825 []:hover []{background-image: url(\u00abhttps:\/\/tecnicashablarenpublico.com\/alumnos\/wp-content\/uploads\/2024\/09\/imagen-comunidad-alumnos-300x147.png\u00ab) !important;}}<\/style><a href=\"https:\/\/tecnicashablarenpublico.com\/alumnos\/webinario-improvisando\/webinario-improvisando-septiembre-2024\/\" dynamic-postlink=\"tcb_post_the_permalink\" data-shortcode-id=\"1543\"><\/a><\/p>\n<h2 style=\"\"><span data-attr-link=\"1\" data-attr-rel=\"0\" data-attr-target=\"0\" data-extra_key=\"\" data-option-inline=\"1\" data-shortcode=\"tcb_post_title\" data-shortcode-name=\"Post title\" data-attr-css=\"\" data-attr-static-link=\"{&quot;className&quot;:&quot;tve-froala fr-basic&quot;,&quot;href&quot;:&quot;https:\/\/lp-build.thrivethemes.com\/leo-vel-orci-porta-non-pulvinar-neque\/&quot;,&quot;title&quot;:&quot;Leo vel orci porta non pulvinar neque&quot;,&quot;class&quot;:&quot;tve-froala fr-basic&quot;}\"><a href=\"https:\/\/tecnicashablarenpublico.com\/alumnos\/webinario-improvisando\/webinario-improvisando-septiembre-2024\/\" title=\"Webinario Improvisando \u2013 Septiembre 2024\" data-css=\"\" class=\"tve-froala fr-basic\">Webinario Improvisando \u2013 Septiembre 2024<\/a><\/span><\/h2>\n<p><section class=\"tcb-post-content tcb-shortcode thrv_wrapper\" data-css=\"tve-u-17459d5f17b\"><p>Aqu\u00ed puedes ver la grabaci\u00f3n del webinario&#8230; Tema: Webinario Improvisando Si deseas participar, mantente al tanto de nuestra pr\u00f3xima sesi\u00f3n de pr\u00e1ctica en vivo&#8230;<\/p>\n<a class=\"more-link\" href=\"https:\/\/tecnicashablarenpublico.com\/alumnos\/webinario-improvisando\/webinario-improvisando-septiembre-2024\/#more-4825\"><\/a><\/section><a href=\"https:\/\/tecnicashablarenpublico.com\/alumnos\/webinario-improvisando\/webinario-improvisando-septiembre-2024\/\"><span><span style=\"\">Ver grabaci\u00f3n de la sesi\u00f3n<\/span><\/span><\/a><\/p>\n<blockquote style=\"\"><p><span data-shortcode=\"tcb_post_published_date\" data-shortcode-name=\"Post date\" data-extra_key=\"\" data-attr-type=\"published\" data-attr-date-format-select=\"j de F de Y\" data-attr-date-format=\"F j, Y\" data-attr-show-time=\"0\" data-attr-time-format-select=\"H:i\" data-attr-time-format=\"\" data-attr-link=\"0\" data-attr-target=\"1\" data-attr-rel=\"0\" data-option-inline=\"1\">septiembre 1, 2024 <\/span><\/p><\/blockquote>\n<p><div class=\"tve-article-cover\"><a class=\"tcb-article-cover-link\" href=\"https:\/\/tecnicashablarenpublico.com\/alumnos\/webinario-improvisando\/webinario-improvisando-septiembre-2024\/\">Webinario Improvisando \u2013 Septiembre 2024<\/a><\/div><\/article><article id=\"post-4822\" class=\"post-4822 post type-post status-publish format-video has-post-thumbnail hentry category-webinario-improvisando post_format-post-format-video post-wrapper thrv_wrapper thrive-animated-item  tve_evt_manager_listen tve_ea_thrive_animation tve_et_mouseover tve_anim_sweep_to_bottom\" tcb_hover_state_parent=\"\" class=\"tve_evt_manager_listen tve_ea_thrive_animation tve_et_mouseover tve_anim_sweep_to_bottom\" data-id=\"4822\" data-selector=\".post-wrapper\"><style class=\"tcb-post-list-dynamic-style\" type=\"text\/css\">@media (min-width: 300px){[].tcb-post-list #post-4822 []{background-image: url(\u00abhttps:\/\/tecnicashablarenpublico.com\/alumnos\/wp-content\/uploads\/2024\/09\/imagen-comunidad-alumnos-300x147.png\u00ab) !important;}[].tcb-post-list #post-4822 []:hover []{background-image: url(\u00abhttps:\/\/tecnicashablarenpublico.com\/alumnos\/wp-content\/uploads\/2024\/09\/imagen-comunidad-alumnos-300x147.png\u00ab) !important;}}<\/style><a href=\"https:\/\/tecnicashablarenpublico.com\/alumnos\/webinario-improvisando\/webinario-improvisando-enero-2023\/\" dynamic-postlink=\"tcb_post_the_permalink\" data-shortcode-id=\"1543\"><\/a><\/p>\n<h2 style=\"\"><span data-attr-link=\"1\" data-attr-rel=\"0\" data-attr-target=\"0\" data-extra_key=\"\" data-option-inline=\"1\" data-shortcode=\"tcb_post_title\" data-shortcode-name=\"Post title\" data-attr-css=\"\" data-attr-static-link=\"{&quot;className&quot;:&quot;tve-froala fr-basic&quot;,&quot;href&quot;:&quot;https:\/\/lp-build.thrivethemes.com\/leo-vel-orci-porta-non-pulvinar-neque\/&quot;,&quot;title&quot;:&quot;Leo vel orci porta non pulvinar neque&quot;,&quot;class&quot;:&quot;tve-froala fr-basic&quot;}\"><a href=\"https:\/\/tecnicashablarenpublico.com\/alumnos\/webinario-improvisando\/webinario-improvisando-enero-2023\/\" title=\"Webinario Improvisando \u2013 Enero 2023\" data-css=\"\" class=\"tve-froala fr-basic\">Webinario Improvisando \u2013 Enero 2023<\/a><\/span><\/h2>\n<p><section class=\"tcb-post-content tcb-shortcode thrv_wrapper\" data-css=\"tve-u-17459d5f17b\"><p>Aqu\u00ed puedes ver la grabaci\u00f3n del webinario&#8230; Tema: Webinario Improvisando Si deseas participar, mantente al tanto de nuestra pr\u00f3xima sesi\u00f3n de pr\u00e1ctica en vivo&#8230;<\/p>\n<a class=\"more-link\" href=\"https:\/\/tecnicashablarenpublico.com\/alumnos\/webinario-improvisando\/webinario-improvisando-enero-2023\/#more-4822\"><\/a><\/section><a href=\"https:\/\/tecnicashablarenpublico.com\/alumnos\/webinario-improvisando\/webinario-improvisando-enero-2023\/\"><span><span style=\"\">Ver grabaci\u00f3n de la sesi\u00f3n<\/span><\/span><\/a><\/p>\n<blockquote style=\"\"><p><span data-shortcode=\"tcb_post_published_date\" data-shortcode-name=\"Post date\" data-extra_key=\"\" data-attr-type=\"published\" data-attr-date-format-select=\"j de F de Y\" data-attr-date-format=\"F j, Y\" data-attr-show-time=\"0\" data-attr-time-format-select=\"H:i\" data-attr-time-format=\"\" data-attr-link=\"0\" data-attr-target=\"1\" data-attr-rel=\"0\" data-option-inline=\"1\">enero 1, 2023 <\/span><\/p><\/blockquote>\n<p><div class=\"tve-article-cover\"><a class=\"tcb-article-cover-link\" href=\"https:\/\/tecnicashablarenpublico.com\/alumnos\/webinario-improvisando\/webinario-improvisando-enero-2023\/\">Webinario Improvisando \u2013 Enero 2023<\/a><\/div><\/article><article id=\"post-4819\" class=\"post-4819 post type-post status-publish format-video has-post-thumbnail hentry category-webinario-improvisando post_format-post-format-video post-wrapper thrv_wrapper thrive-animated-item  tve_evt_manager_listen tve_ea_thrive_animation tve_et_mouseover tve_anim_sweep_to_bottom\" tcb_hover_state_parent=\"\" class=\"tve_evt_manager_listen tve_ea_thrive_animation tve_et_mouseover tve_anim_sweep_to_bottom\" data-id=\"4819\" data-selector=\".post-wrapper\"><style class=\"tcb-post-list-dynamic-style\" type=\"text\/css\">@media (min-width: 300px){[].tcb-post-list #post-4819 []{background-image: url(\u00abhttps:\/\/tecnicashablarenpublico.com\/alumnos\/wp-content\/uploads\/2024\/09\/imagen-comunidad-alumnos-300x147.png\u00ab) !important;}[].tcb-post-list #post-4819 []:hover []{background-image: url(\u00abhttps:\/\/tecnicashablarenpublico.com\/alumnos\/wp-content\/uploads\/2024\/09\/imagen-comunidad-alumnos-300x147.png\u00ab) !important;}}<\/style><a href=\"https:\/\/tecnicashablarenpublico.com\/alumnos\/webinario-improvisando\/webinario-improvisando-noviembre-2022\/\" dynamic-postlink=\"tcb_post_the_permalink\" data-shortcode-id=\"1543\"><\/a><\/p>\n<h2 style=\"\"><span data-attr-link=\"1\" data-attr-rel=\"0\" data-attr-target=\"0\" data-extra_key=\"\" data-option-inline=\"1\" data-shortcode=\"tcb_post_title\" data-shortcode-name=\"Post title\" data-attr-css=\"\" data-attr-static-link=\"{&quot;className&quot;:&quot;tve-froala fr-basic&quot;,&quot;href&quot;:&quot;https:\/\/lp-build.thrivethemes.com\/leo-vel-orci-porta-non-pulvinar-neque\/&quot;,&quot;title&quot;:&quot;Leo vel orci porta non pulvinar neque&quot;,&quot;class&quot;:&quot;tve-froala fr-basic&quot;}\"><a href=\"https:\/\/tecnicashablarenpublico.com\/alumnos\/webinario-improvisando\/webinario-improvisando-noviembre-2022\/\" title=\"Webinario Improvisando \u2013 Noviembre 2022\" data-css=\"\" class=\"tve-froala fr-basic\">Webinario Improvisando \u2013 Noviembre 2022<\/a><\/span><\/h2>\n<p><section class=\"tcb-post-content tcb-shortcode thrv_wrapper\" data-css=\"tve-u-17459d5f17b\"><p>Aqu\u00ed puedes ver la grabaci\u00f3n del webinario&#8230; Tema: Webinario Improvisando Si deseas participar, mantente al tanto de nuestra pr\u00f3xima sesi\u00f3n de pr\u00e1ctica en vivo&#8230;<\/p>\n<a class=\"more-link\" href=\"https:\/\/tecnicashablarenpublico.com\/alumnos\/webinario-improvisando\/webinario-improvisando-noviembre-2022\/#more-4819\"><\/a><\/section><a href=\"https:\/\/tecnicashablarenpublico.com\/alumnos\/webinario-improvisando\/webinario-improvisando-noviembre-2022\/\"><span><span style=\"\">Ver grabaci\u00f3n de la sesi\u00f3n<\/span><\/span><\/a><\/p>\n<blockquote style=\"\"><p><span data-shortcode=\"tcb_post_published_date\" data-shortcode-name=\"Post date\" data-extra_key=\"\" data-attr-type=\"published\" data-attr-date-format-select=\"j de F de Y\" data-attr-date-format=\"F j, Y\" data-attr-show-time=\"0\" data-attr-time-format-select=\"H:i\" data-attr-time-format=\"\" data-attr-link=\"0\" data-attr-target=\"1\" data-attr-rel=\"0\" data-option-inline=\"1\">noviembre 6, 2022 <\/span><\/p><\/blockquote>\n<p><div class=\"tve-article-cover\"><a class=\"tcb-article-cover-link\" href=\"https:\/\/tecnicashablarenpublico.com\/alumnos\/webinario-improvisando\/webinario-improvisando-noviembre-2022\/\">Webinario Improvisando \u2013 Noviembre 2022<\/a><\/div><\/article><article id=\"post-4816\" class=\"post-4816 post type-post status-publish format-video has-post-thumbnail hentry category-webinario-improvisando post_format-post-format-video post-wrapper thrv_wrapper thrive-animated-item  tve_evt_manager_listen tve_ea_thrive_animation tve_et_mouseover tve_anim_sweep_to_bottom\" tcb_hover_state_parent=\"\" class=\"tve_evt_manager_listen tve_ea_thrive_animation tve_et_mouseover tve_anim_sweep_to_bottom\" data-id=\"4816\" data-selector=\".post-wrapper\"><style class=\"tcb-post-list-dynamic-style\" type=\"text\/css\">@media (min-width: 300px){[].tcb-post-list #post-4816 []{background-image: url(\u00abhttps:\/\/tecnicashablarenpublico.com\/alumnos\/wp-content\/uploads\/2024\/09\/imagen-comunidad-alumnos-300x147.png\u00ab) !important;}[].tcb-post-list #post-4816 []:hover []{background-image: url(\u00abhttps:\/\/tecnicashablarenpublico.com\/alumnos\/wp-content\/uploads\/2024\/09\/imagen-comunidad-alumnos-300x147.png\u00ab) !important;}}<\/style><a href=\"https:\/\/tecnicashablarenpublico.com\/alumnos\/webinario-improvisando\/webinario-improvisando-octubre-2022\/\" dynamic-postlink=\"tcb_post_the_permalink\" data-shortcode-id=\"1543\"><\/a><\/p>\n<h2 style=\"\"><span data-attr-link=\"1\" data-attr-rel=\"0\" data-attr-target=\"0\" data-extra_key=\"\" data-option-inline=\"1\" data-shortcode=\"tcb_post_title\" data-shortcode-name=\"Post title\" data-attr-css=\"\" data-attr-static-link=\"{&quot;className&quot;:&quot;tve-froala fr-basic&quot;,&quot;href&quot;:&quot;https:\/\/lp-build.thrivethemes.com\/leo-vel-orci-porta-non-pulvinar-neque\/&quot;,&quot;title&quot;:&quot;Leo vel orci porta non pulvinar neque&quot;,&quot;class&quot;:&quot;tve-froala fr-basic&quot;}\"><a href=\"https:\/\/tecnicashablarenpublico.com\/alumnos\/webinario-improvisando\/webinario-improvisando-octubre-2022\/\" title=\"Webinario Improvisando \u2013 Octubre 2022\" data-css=\"\" class=\"tve-froala fr-basic\">Webinario Improvisando \u2013 Octubre 2022<\/a><\/span><\/h2>\n<p><section class=\"tcb-post-content tcb-shortcode thrv_wrapper\" data-css=\"tve-u-17459d5f17b\"><p>Aqu\u00ed puedes ver la grabaci\u00f3n del webinario&#8230; Tema: Webinario Improvisando Si deseas participar, mantente al tanto de nuestra pr\u00f3xima sesi\u00f3n de pr\u00e1ctica en vivo&#8230;<\/p>\n<a class=\"more-link\" href=\"https:\/\/tecnicashablarenpublico.com\/alumnos\/webinario-improvisando\/webinario-improvisando-octubre-2022\/#more-4816\"><\/a><\/section><a href=\"https:\/\/tecnicashablarenpublico.com\/alumnos\/webinario-improvisando\/webinario-improvisando-octubre-2022\/\"><span><span style=\"\">Ver grabaci\u00f3n de la sesi\u00f3n<\/span><\/span><\/a><\/p>\n<blockquote style=\"\"><p><span data-shortcode=\"tcb_post_published_date\" data-shortcode-name=\"Post date\" data-extra_key=\"\" data-attr-type=\"published\" data-attr-date-format-select=\"j de F de Y\" data-attr-date-format=\"F j, Y\" data-attr-show-time=\"0\" data-attr-time-format-select=\"H:i\" data-attr-time-format=\"\" data-attr-link=\"0\" data-attr-target=\"1\" data-attr-rel=\"0\" data-option-inline=\"1\">octubre 2, 2022 <\/span><\/p><\/blockquote>\n<p><div class=\"tve-article-cover\"><a class=\"tcb-article-cover-link\" href=\"https:\/\/tecnicashablarenpublico.com\/alumnos\/webinario-improvisando\/webinario-improvisando-octubre-2022\/\">Webinario Improvisando \u2013 Octubre 2022<\/a><\/div><\/article><\/div>\n<h2>Grabaciones Anteriores:<\/h2>\n<p>[catlist name=webinario-improvisando]<\/p>\n","protected":false},"excerpt":{"rendered":"<p>Ver fechas y datos de nuestro pr\u00f3ximo evento de pr\u00e1ctica EN VIVO&#8230; Grabaciones Anteriores: [catlist name=webinario-improvisando]<\/p>\n","protected":false},"author":1,"featured_media":0,"parent":488,"menu_order":0,"comment_status":"open","ping_status":"open","template":"","meta":{"footnotes":""},"tags":[],"class_list":{"0":"post-637","1":"page","2":"type-page","3":"status-publish","4":"hentry","5":"post-wrapper","6":"thrv_wrapper","9":"thrive-animated-item"},"_links":{"self":[{"href":"https:\/\/tecnicashablarenpublico.com\/alumnos\/wp-json\/wp\/v2\/pages\/637","targetHints":{"allow":["GET"]}}],"collection":[{"href":"https:\/\/tecnicashablarenpublico.com\/alumnos\/wp-json\/wp\/v2\/pages"}],"about":[{"href":"https:\/\/tecnicashablarenpublico.com\/alumnos\/wp-json\/wp\/v2\/types\/page"}],"author":[{"embeddable":true,"href":"https:\/\/tecnicashablarenpublico.com\/alumnos\/wp-json\/wp\/v2\/users\/1"}],"replies":[{"embeddable":true,"href":"https:\/\/tecnicashablarenpublico.com\/alumnos\/wp-json\/wp\/v2\/comments?post=637"}],"version-history":[{"count":20,"href":"https:\/\/tecnicashablarenpublico.com\/alumnos\/wp-json\/wp\/v2\/pages\/637\/revisions"}],"predecessor-version":[{"id":2011,"href":"https:\/\/tecnicashablarenpublico.com\/alumnos\/wp-json\/wp\/v2\/pages\/637\/revisions\/2011"}],"up":[{"embeddable":true,"href":"https:\/\/tecnicashablarenpublico.com\/alumnos\/wp-json\/wp\/v2\/pages\/488"}],"wp:attachment":[{"href":"https:\/\/tecnicashablarenpublico.com\/alumnos\/wp-json\/wp\/v2\/media?parent=637"}],"wp:term":[{"taxonomy":"post_tag","embeddable":true,"href":"https:\/\/tecnicashablarenpublico.com\/alumnos\/wp-json\/wp\/v2\/tags?post=637"}],"curies":[{"name":"wp","href":"https:\/\/api.w.org\/{rel}","templated":true}]}}